{"id":1792,"date":"2025-11-01T17:37:40","date_gmt":"2025-11-01T16:37:40","guid":{"rendered":"https:\/\/www.maxdupuy.fr\/?page_id=1792"},"modified":"2025-11-01T17:37:41","modified_gmt":"2025-11-01T16:37:41","slug":"mentions-legales","status":"publish","type":"page","link":"https:\/\/www.maxdupuy.fr\/index.php\/mentions-legales\/","title":{"rendered":"Mentions l\u00e9gales"},"content":{"rendered":"\n<p><strong>1. \u00c9diteur du site<\/strong><br>Responsable de la publication :\u00a0<strong>Max Dupuy<\/strong><\/p>\n\n\n\n<p><strong>2. H\u00e9bergeur du site<\/strong><br>Nom de l\u2019h\u00e9bergeur :\u00a0<strong>OVH<\/strong><br>Adresse :\u00a0<strong><strong>2, rue Kellermann, 59100 Roubaix<\/strong>.<\/strong><\/p>\n\n\n\n<p><strong>3. Propri\u00e9t\u00e9 intellectuelle<\/strong><br>L\u2019ensemble des \u00e9l\u00e9ments pr\u00e9sents sur le site (textes, images, photos, logos, etc.) sont la propri\u00e9t\u00e9 exclusive de\u00a0<strong>Max DUPUY <\/strong>sauf mention contraire.<br>Toute reproduction, diffusion ou utilisation sans autorisation pr\u00e9alable est interdite.<\/p>\n\n\n\n<p><strong>4. Responsabilit\u00e9<\/strong><br>L\u2019\u00e9diteur s\u2019efforce d\u2019assurer l\u2019exactitude des informations publi\u00e9es, mais ne peut \u00eatre tenu responsable des erreurs, omissions ou d\u2019un \u00e9ventuel dysfonctionnement du site.<br>L\u2019utilisation du site se fait sous la seule responsabilit\u00e9 de l\u2019utilisateur.<\/p>\n\n\n\n<p><strong>5. Liens externes<\/strong><br>Le site peut contenir des liens vers d\u2019autres sites.\u00a0<strong>Max DUPUY <\/strong>d\u00e9cline toute responsabilit\u00e9 quant au contenu de ces sites externes.<\/p>\n","protected":false},"excerpt":{"rendered":"<p>1. \u00c9diteur du siteResponsable de la publication :\u00a0Max Dupuy 2. H\u00e9bergeur du siteNom de l\u2019h\u00e9bergeur :\u00a0OVHAdresse :\u00a02, rue Kellermann, 59100 Roubaix. 3. Propri\u00e9t\u00e9 intellectuelleL\u2019ensemble des \u00e9l\u00e9ments pr\u00e9sents sur le site (textes, images, photos, logos, etc.) sont la propri\u00e9t\u00e9 exclusive de\u00a0Max DUPUY sauf mention contraire.Toute reproduction, diffusion ou utilisation sans autorisation pr\u00e9alable est interdite. 4. Responsabilit\u00e9L\u2019\u00e9diteur [&hellip;]<\/p>\n","protected":false},"author":2,"featured_media":0,"parent":0,"menu_order":0,"comment_status":"closed","ping_status":"closed","template":"","meta":{"footnotes":""},"_links":{"self":[{"href":"https:\/\/www.maxdupuy.fr\/index.php\/wp-json\/wp\/v2\/pages\/1792"}],"collection":[{"href":"https:\/\/www.maxdupuy.fr\/index.php\/wp-json\/wp\/v2\/pages"}],"about":[{"href":"https:\/\/www.maxdupuy.fr\/index.php\/wp-json\/wp\/v2\/types\/page"}],"author":[{"embeddable":true,"href":"https:\/\/www.maxdupuy.fr\/index.php\/wp-json\/wp\/v2\/users\/2"}],"replies":[{"embeddable":true,"href":"https:\/\/www.maxdupuy.fr\/index.php\/wp-json\/wp\/v2\/comments?post=1792"}],"version-history":[{"count":1,"href":"https:\/\/www.maxdupuy.fr\/index.php\/wp-json\/wp\/v2\/pages\/1792\/revisions"}],"predecessor-version":[{"id":1793,"href":"https:\/\/www.maxdupuy.fr\/index.php\/wp-json\/wp\/v2\/pages\/1792\/revisions\/1793"}],"wp:attachment":[{"href":"https:\/\/www.maxdupuy.fr\/index.php\/wp-json\/wp\/v2\/media?parent=1792"}],"curies":[{"name":"wp","href":"https:\/\/api.w.org\/{rel}","templated":true}]}}