{"id":1827,"date":"2026-02-01T11:50:48","date_gmt":"2026-02-01T10:50:48","guid":{"rendered":"https:\/\/www.maxdupuy.fr\/?page_id=1827"},"modified":"2026-02-01T12:49:12","modified_gmt":"2026-02-01T11:49:12","slug":"art-en-ciel","status":"publish","type":"page","link":"https:\/\/www.maxdupuy.fr\/index.php\/art-en-ciel\/","title":{"rendered":"Art en Ciel"},"content":{"rendered":"\n<p>La lumi\u00e8re est faite de couleurs. Elles ne nous apparaissent que rarement, dans ce ph\u00e9nom\u00e8ne que l\u2019on nomme <strong>Arc en Ciel<\/strong>.<br>Dans la nouvelle s\u00e9rie \u00ab\u00a0ART en Ciel\u00a0\u00bb, que je d\u00e9bute, je tente de les capter.<br><\/p>\n\n\n\n<h2 class=\"wp-block-heading\"><strong>ART EN CIEL<\/strong><\/h2>\n\n\n\n<p><em>Un grand soleil de plomb illumine l\u2019azur<br>Dans un beau ciel limpide, \u00e0 l\u2019\u00e9clat le plus pur.<\/em><\/p>\n\n\n\n<p><em><br>Une ombre de nuage, assombrit son myst\u00e8re.<br>Des vapeurs de stratus, dissolvent la lumi\u00e8re.<\/em><\/p>\n\n\n\n<p><em><br>Comme sur la palette, le peintre ajoute l\u2019eau<br>Pour cr\u00e9er la mati\u00e8re de couleur indigo.<\/em><\/p>\n\n\n\n<p><em><br>L\u2019arc en ciel se devine, envahit l\u2019horizon<br>De couleurs myst\u00e9rieuses comme une apparition.<\/em><\/p>\n\n\n\n<p><em><br>Apparition de jaune, apparition d&rsquo;orange<br>En un sfumato aur\u00e9ol\u00e9 par les anges.<\/em><\/p>\n\n\n\n<p><em><br>Apparition de rouge, apparition de violet<br>Diffus\u00e9 par les brumes aux franges azur\u00e9es.<\/em><\/p>\n\n\n\n<p><em><br>Apparition de l\u2019indigo, apparition de bleu.<br>Dans une vo\u00fbte c\u00e9leste aux tons m\u00e9lodieux.<\/em><\/p>\n\n\n\n<p><em><br>Un l\u00e9ger souffle chaud dissipe les vapeurs.<br>Le soleil lumineux efface les couleurs.<\/em><\/p>\n\n\n\n<p><em><br>La lumi\u00e8re c\u00e9leste \u00e9claire l\u2019univers,<br>Et la page blanche s&rsquo;offre \u00e0 nos futurs r\u00eaves.<\/em><\/p>\n\n\n\n<p><br><strong>MAX<\/strong><\/p>\n\n\n\n<h2 class=\"wp-block-heading\"><br><strong>Art en ciel<\/strong> <\/h2>\n\n\n\n<section id=\"huge_it_portfolio_content_23\"\r\n         class=\"portfolio-gallery-content \"\r\n         data-portfolio-id=\"23\">\r\n\t<div id=\"huge-it-container-loading-overlay_23\"><\/div>\r\n\t\t\t\t\t\t<div id=\"huge_it_portfolio_container_23\"\r\n\t     class=\"huge_it_portfolio_container super-list variable-sizes clearfix view-lightbox-gallery\"\r\n\t     data-show-loading=\"on\"\r\n\t     data-show-center=\"off\" >\r\n\r\n\r\n\t\t\t\t\t<div\r\n\t\t\t\tclass=\"portelement portelement_23 portfolio-lightbox   \" tabindex=\"0\" data-symbol=\"\" data-category=\"alkaline-earth\">\r\n                <p style=\"display:none;\" class=\"load_date\">2026-03-08 19:09:48<\/p>\r\n                <p style=\"display:none;\" class=\"number\">473<\/p>\r\n\t\t\t\t<p style=\"display: none;\" class=\"id\">473<\/p>\r\n\t\t\t\t<div class=\"image-block_23\">\r\n\t\t\t\t\t\t\t\t\t\t\t\t\t\t\t\t\t\t\t\t\t\t\t<a href=\"http:\/\/www.maxdupuy.fr\/wp-content\/uploads\/2026\/03\/488.jpg\"\r\n\t\t\t\t\t\t\t\t   class=\" portfolio-lightbox-group23\"\r\n                                   data-description=\" acrylique sur toile et collage, 100\/100cm\"\r\n\t\t\t\t\t\t\t\t   title=\"\">\r\n\t\t\t\t\t\t\t\t\t<img decoding=\"async\" alt=\"\"\r\n\t\t\t\t\t\t\t\t\t     id=\"wd-cl-img0\"\r\n                                         data-title=\" 488\"\r\n\t\t\t\t\t\t\t\t\t     src=\"https:\/\/www.maxdupuy.fr\/wp-content\/uploads\/2026\/03\/488.jpg\"\/>\r\n\t\t\t\t\t\t\t\t<\/a>\r\n\t\t\t\t\t\t\t\t\t\t\t\t<\/div>\r\n\t\t\t\t\t\t\t<\/div>\r\n\t\t\t\t\t\t<div\r\n\t\t\t\tclass=\"portelement portelement_23 portfolio-lightbox   \" tabindex=\"0\" data-symbol=\"\" data-category=\"alkaline-earth\">\r\n                <p style=\"display:none;\" class=\"load_date\">2026-02-25 19:12:23<\/p>\r\n                <p style=\"display:none;\" class=\"number\">472<\/p>\r\n\t\t\t\t<p style=\"display: none;\" class=\"id\">472<\/p>\r\n\t\t\t\t<div class=\"image-block_23\">\r\n\t\t\t\t\t\t\t\t\t\t\t\t\t\t\t\t\t\t\t\t\t\t\t<a href=\"http:\/\/www.maxdupuy.fr\/wp-content\/uploads\/2026\/02\/487.jpg\"\r\n\t\t\t\t\t\t\t\t   class=\" portfolio-lightbox-group23\"\r\n                                   data-description=\" acrylique sur toile et collage, 100\/100cm\"\r\n\t\t\t\t\t\t\t\t   title=\"\">\r\n\t\t\t\t\t\t\t\t\t<img decoding=\"async\" alt=\"\"\r\n\t\t\t\t\t\t\t\t\t     id=\"wd-cl-img1\"\r\n                                         data-title=\" 487\"\r\n\t\t\t\t\t\t\t\t\t     src=\"https:\/\/www.maxdupuy.fr\/wp-content\/uploads\/2026\/02\/487.jpg\"\/>\r\n\t\t\t\t\t\t\t\t<\/a>\r\n\t\t\t\t\t\t\t\t\t\t\t\t<\/div>\r\n\t\t\t\t\t\t\t<\/div>\r\n\t\t\t\t\t\t<div\r\n\t\t\t\tclass=\"portelement portelement_23 portfolio-lightbox   \" tabindex=\"0\" data-symbol=\"\" data-category=\"alkaline-earth\">\r\n                <p style=\"display:none;\" class=\"load_date\">2026-02-25 19:12:04<\/p>\r\n                <p style=\"display:none;\" class=\"number\">471<\/p>\r\n\t\t\t\t<p style=\"display: none;\" class=\"id\">471<\/p>\r\n\t\t\t\t<div class=\"image-block_23\">\r\n\t\t\t\t\t\t\t\t\t\t\t\t\t\t\t\t\t\t\t\t\t\t\t<a href=\"http:\/\/www.maxdupuy.fr\/wp-content\/uploads\/2026\/02\/486.jpg\"\r\n\t\t\t\t\t\t\t\t   class=\" portfolio-lightbox-group23\"\r\n                                   data-description=\" acrylique sur toile et collage, 100\/100cm\"\r\n\t\t\t\t\t\t\t\t   title=\"\">\r\n\t\t\t\t\t\t\t\t\t<img decoding=\"async\" alt=\"\"\r\n\t\t\t\t\t\t\t\t\t     id=\"wd-cl-img2\"\r\n                                         data-title=\" 486\"\r\n\t\t\t\t\t\t\t\t\t     src=\"https:\/\/www.maxdupuy.fr\/wp-content\/uploads\/2026\/02\/486.jpg\"\/>\r\n\t\t\t\t\t\t\t\t<\/a>\r\n\t\t\t\t\t\t\t\t\t\t\t\t<\/div>\r\n\t\t\t\t\t\t\t<\/div>\r\n\t\t\t\t\t\t<div\r\n\t\t\t\tclass=\"portelement portelement_23 portfolio-lightbox   \" tabindex=\"0\" data-symbol=\"Violet Ciel\" data-category=\"alkaline-earth\">\r\n                <p style=\"display:none;\" class=\"load_date\">2026-02-01 12:00:52<\/p>\r\n                <p style=\"display:none;\" class=\"number\">470<\/p>\r\n\t\t\t\t<p style=\"display: none;\" class=\"id\">470<\/p>\r\n\t\t\t\t<div class=\"image-block_23\">\r\n\t\t\t\t\t\t\t\t\t\t\t\t\t\t\t\t\t\t\t\t\t\t\t<a href=\"http:\/\/www.maxdupuy.fr\/wp-content\/uploads\/2026\/02\/violet_ciel.jpg\"\r\n\t\t\t\t\t\t\t\t   class=\" portfolio-lightbox-group23\"\r\n                                   data-description=\" acrylique sur toile et collage, 100\/100cm\"\r\n\t\t\t\t\t\t\t\t   title=\"Violet Ciel\">\r\n\t\t\t\t\t\t\t\t\t<img decoding=\"async\" alt=\"Violet Ciel\"\r\n\t\t\t\t\t\t\t\t\t     id=\"wd-cl-img3\"\r\n                                         data-title=\" violet_ciel\"\r\n\t\t\t\t\t\t\t\t\t     src=\"https:\/\/www.maxdupuy.fr\/wp-content\/uploads\/2026\/02\/violet_ciel.jpg\"\/>\r\n\t\t\t\t\t\t\t\t<\/a>\r\n\t\t\t\t\t\t\t\t\t\t\t\t<\/div>\r\n\t\t\t\t\t\t\t\t\t<div class=\"title-block_23\">\r\n                        <h3 class=\"name\" >Violet Ciel<\/h3>\r\n\r\n                        \t\t\t\t\t\t\tViolet Ciel\t\t\t\t\t\t\t\t\t\t\t\t<\/div>\r\n\t\t\t\t\t\t\t<\/div>\r\n\t\t\t\t\t\t<div\r\n\t\t\t\tclass=\"portelement portelement_23 portfolio-lightbox   \" tabindex=\"0\" data-symbol=\"Rouge Ciel\" data-category=\"alkaline-earth\">\r\n                <p style=\"display:none;\" class=\"load_date\">2026-02-01 12:00:27<\/p>\r\n                <p style=\"display:none;\" class=\"number\">469<\/p>\r\n\t\t\t\t<p style=\"display: none;\" class=\"id\">469<\/p>\r\n\t\t\t\t<div class=\"image-block_23\">\r\n\t\t\t\t\t\t\t\t\t\t\t\t\t\t\t\t\t\t\t\t\t\t\t<a href=\"http:\/\/www.maxdupuy.fr\/wp-content\/uploads\/2026\/02\/rouge_ciel.jpg\"\r\n\t\t\t\t\t\t\t\t   class=\" portfolio-lightbox-group23\"\r\n                                   data-description=\" acrylique sur toile et collage, 100\/100cm\"\r\n\t\t\t\t\t\t\t\t   title=\"Rouge Ciel\">\r\n\t\t\t\t\t\t\t\t\t<img decoding=\"async\" alt=\"Rouge Ciel\"\r\n\t\t\t\t\t\t\t\t\t     id=\"wd-cl-img4\"\r\n                                         data-title=\" rouge_ciel\"\r\n\t\t\t\t\t\t\t\t\t     src=\"https:\/\/www.maxdupuy.fr\/wp-content\/uploads\/2026\/02\/rouge_ciel.jpg\"\/>\r\n\t\t\t\t\t\t\t\t<\/a>\r\n\t\t\t\t\t\t\t\t\t\t\t\t<\/div>\r\n\t\t\t\t\t\t\t\t\t<div class=\"title-block_23\">\r\n                        <h3 class=\"name\" >Rouge Ciel<\/h3>\r\n\r\n                        \t\t\t\t\t\t\tRouge Ciel\t\t\t\t\t\t\t\t\t\t\t\t<\/div>\r\n\t\t\t\t\t\t\t<\/div>\r\n\t\t\t\t\t\t<div\r\n\t\t\t\tclass=\"portelement portelement_23 portfolio-lightbox   \" tabindex=\"0\" data-symbol=\"Bleu Ciel\" data-category=\"alkaline-earth\">\r\n                <p style=\"display:none;\" class=\"load_date\">2026-02-01 12:00:04<\/p>\r\n                <p style=\"display:none;\" class=\"number\">468<\/p>\r\n\t\t\t\t<p style=\"display: none;\" class=\"id\">468<\/p>\r\n\t\t\t\t<div class=\"image-block_23\">\r\n\t\t\t\t\t\t\t\t\t\t\t\t\t\t\t\t\t\t\t\t\t\t\t<a href=\"http:\/\/www.maxdupuy.fr\/wp-content\/uploads\/2026\/02\/bleu_ciel.jpg\"\r\n\t\t\t\t\t\t\t\t   class=\" portfolio-lightbox-group23\"\r\n                                   data-description=\" acrylique sur toile et collage, 100\/100cm\"\r\n\t\t\t\t\t\t\t\t   title=\"Bleu Ciel\">\r\n\t\t\t\t\t\t\t\t\t<img decoding=\"async\" alt=\"Bleu Ciel\"\r\n\t\t\t\t\t\t\t\t\t     id=\"wd-cl-img5\"\r\n                                         data-title=\" bleu_ciel\"\r\n\t\t\t\t\t\t\t\t\t     src=\"https:\/\/www.maxdupuy.fr\/wp-content\/uploads\/2026\/02\/bleu_ciel.jpg\"\/>\r\n\t\t\t\t\t\t\t\t<\/a>\r\n\t\t\t\t\t\t\t\t\t\t\t\t<\/div>\r\n\t\t\t\t\t\t\t\t\t<div class=\"title-block_23\">\r\n                        <h3 class=\"name\" >Bleu Ciel<\/h3>\r\n\r\n                        \t\t\t\t\t\t\tBleu Ciel\t\t\t\t\t\t\t\t\t\t\t\t<\/div>\r\n\t\t\t\t\t\t\t<\/div>\r\n\t\t\t\r\n\t\t<div style=\"clear:both;\"><\/div>\r\n\t<\/div>\r\n\r\n\r\n<\/section><style>\r\n\/***For Lifgtbox Gallery view***\/\r\n.play-icon.youtube-icon  {\r\n    background: url(https:\/\/www.maxdupuy.fr\/wp-content\/plugins\/portfolio-gallery\/assets\/images\/admin_images\/play.youtube.png) center center no-repeat;\r\n    background-size: 30% 30%;\r\n}\r\n.play-icon.vimeo-icon  {\r\n    background: url(https:\/\/www.maxdupuy.fr\/wp-content\/plugins\/portfolio-gallery\/assets\/images\/admin_images\/play.vimeo.png) center center no-repeat;\r\n    background-size: 30% 30%;\r\n}\r\n.play-icon {\r\n    position: absolute;\r\n    top: 0;\r\n    left: 0;\r\n    width: 100%;\r\n    height: 100%;\r\n}\r\n\/***<\/add>***\/\r\n.portelement_23 {\r\n    max-width:275px;\r\n    width: 100%;\r\n    margin:0 0 10px 0;\r\n    border:0px solid #eeeeee;\r\n    border-radius:3px;\r\n    outline:none;\r\n    overflow:hidden;\r\n}\r\n\r\n.portelement_23 .image-block_23 {\r\n    position:relative;\r\n    max-width:275px;\r\n    width:100%;\r\n}\r\n.portelement_23 .image-block_23 a {\r\n    border:none;\r\n    display: block;\r\n    cursor: -webkit-zoom-in; cursor: -moz-zoom-in;\r\n}\r\n.portelement_23 .image-block_23 img {\r\n    margin:0 !important;\r\n    padding:0 !important;\r\n    max-width:275px !important;\r\n    width: 100%;\r\n    height:auto;\r\n    display:block;\r\n    border-radius: 0 !important;\r\n    box-shadow: 0 0 0 rgba(0, 0, 0, 0) !important;\r\n}\r\n\r\n.portelement_23 .image-block_23 img:hover {\r\n    cursor: -webkit-zoom-in; cursor: -moz-zoom-in;\r\n}\r\n\r\n.portelement_23 .title-block_23 {\r\n    position:absolute;\r\n    text-overflow: ellipsis;\r\n    overflow: hidden;\r\n    left:0;\r\n    width:100%;\r\n    height: 30px;\r\n    bottom:-31px;\r\n    background: rgba(0,0,0,0.8)  !important;\r\n    -webkit-transition: bottom 0.3s ease-out 0.1s;\r\n    -moz-transition: bottom 0.3s ease-out 0.1s;\r\n    -o-transition: bottom 0.3s ease-out 0.1s;\r\n    transition: bottom 0.3s ease-out 0.1s;\r\n}\r\n\r\n.portelement_23:hover .title-block_23 {bottom:0;}\r\n\r\n.portelement_23 .title-block_23 a, .portelement_23 .title-block_23 a:link, .portelement_23 .title-block_23 a:visited, \r\n.portelement_23 .title-block_23 {\r\n    margin:0;\r\n    padding:0 1% 0 2%;\r\n    text-decoration:none;\r\n    text-overflow: ellipsis;\r\n    overflow: hidden;\r\n    white-space:nowrap;\r\n    z-index:20;\r\n    font-size: 16px;\r\n    color:#0074A2;\r\n    font-weight:normal;\r\n    border: none;\r\n    box-shadow: none;\r\n}\r\n\r\n\r\n\r\n.portelement_23 .title-block_23 a:hover, .portelement_23 .title-block_23 a:focus, .portelement_23 .title-block_23 a:active, \r\n.portelement_23 .title-block_23:hover {\r\n    color:#2EA2CD;\r\n    text-decoration:none;\r\n}\r\n\r\n#huge_it_portfolio_content_23 #huge_it_portfolio_options_23 {\r\n    position: relative;\r\n    overflow: hidden;\r\nfloat:;max-width:180px;width:20%;display:inline-block;margin-left:1%;\r\nopacity: 0;    margin-bottom: 10px;\r\n}\r\n\r\n#huge_it_portfolio_content_23 #huge_it_portfolio_options_23 ul {\r\n    margin: 0 !important;\r\n    padding: 0 !important;\r\n    list-style: none;\r\n}\r\n\r\n#huge_it_portfolio_content_23 #huge_it_portfolio_filters_23 ul {\r\n    margin: 0 !important;\r\n    padding: 0 !important;\r\n    overflow: hidden;\r\n    width: 100%;\r\n}\r\n\r\n#huge_it_portfolio_content_23 #huge_it_portfolio_options_23 ul li {\r\n    border-radius: 0px;\r\n    list-style-type: none;\r\n    margin: 0 !important;\r\n    padding: 0;\r\nborder: 1px solid #ccc;}\r\n\r\n#huge_it_portfolio_content_23 #huge_it_portfolio_options_23 ul li a {\r\n    background-color: #F7F7F7 !important;\r\n    font-size:14px !important;\r\n    color:#555555 !important;\r\n    text-decoration: none;\r\n    cursor: pointer;\r\n    margin: 0 !important;\r\n    display: block;\r\n    padding:3px;\r\n    border-radius: 0px;\r\n}\r\n\r\n\r\n#huge_it_portfolio_content_23 #huge_it_portfolio_options_23 ul li a:hover {\r\n    background-color: #FF3845 !important;\r\n    color:#ffffff !important;\r\n    cursor: pointer;\r\n}\r\n\r\n#huge_it_portfolio_content_23 #huge_it_portfolio_filters_23 {\r\n    float: left;\r\n    position: relative;\r\nfloat:;max-width:180px;width:20%;display:inline-block;margin-left:1%;\r\nopacity: 0;}\r\n\r\n#huge_it_portfolio_content_23 #huge_it_portfolio_filters_23 ul li {\r\n    list-style-type: none;\r\n    border-radius: 0px;\r\nborder: 1px solid #ccc;}\r\n\r\n#huge_it_portfolio_content_23 #huge_it_portfolio_filters_23 ul li a {\r\n    font-size:14px !important;\r\n    color:#555555 !important;\r\n    background-color: #F7F7F7 !important;\r\n    border-radius: 0px;\r\n    padding:3px;\r\n    display: block;\r\n    text-decoration: none;\r\n}\r\n\r\n#huge_it_portfolio_content_23 #huge_it_portfolio_filters_23  ul li a:hover {\r\n    color:#ffffff !important;\r\n    background-color: #FF3845 !important;\r\n    cursor: pointer\r\n}\r\n#huge_it_portfolio_content_23 #huge_it_portfolio_filters_23 ul li.active a,\r\n#huge_it_portfolio_content_23 #huge_it_portfolio_filters_23 ul li.active a:link,\r\n#huge_it_portfolio_content_23 #huge_it_portfolio_filters_23 ul li.active a:visited,\r\n#huge_it_portfolio_content_23 #huge_it_portfolio_filters_23  ul li.active a:hover,\r\n#huge_it_portfolio_content_23 #huge_it_portfolio_filters_23  ul li.active a:focus,\r\n#huge_it_portfolio_content_23 #huge_it_portfolio_filters_23  ul li.active a:active {\r\n    color:#ffffff !important;\r\n    background-color: #FF3845 !important;\r\n    cursor: pointer;\r\n}\r\n#huge_it_portfolio_content_23 section {\r\n    position:relative;\r\n    display:block;\r\n}\r\n\r\n#huge_it_portfolio_content_23 #huge_it_portfolio_container_23 {\r\n    width: 79%;\r\n    max-width: 100%;\r\nwidth:100%;opacity: 0;}\r\n\r\n#port-sort-direction {\r\nfloat: left !important;}\r\n@media screen and (max-width: 768px) {\r\n\r\n    #huge_it_portfolio_content_23 #huge_it_portfolio_filters_23 ul li a,\r\n    #huge_it_portfolio_content_23 #huge_it_portfolio_filters_23 ul li a:link,\r\n    #huge_it_portfolio_content_23 #huge_it_portfolio_filters_23 ul li a:visited {\r\n        font-size: 2vw !important;\r\n    }\r\n    #huge_it_portfolio_content_23 #huge_it_portfolio_options_23 ul li a {\r\n        font-size:2vw !important;\r\n    }\r\n\r\n}\r\n@media screen and (max-width: 480px) {\r\n    #huge_it_portfolio_content_23 #huge_it_portfolio_options_23 {\r\n        float: left;\r\n    }\r\n    #huge_it_portfolio_content_23 #huge_it_portfolio_options_23 #sort-by{\r\n        float: left;\r\n        width: 100% !important;\r\n    }\r\n    #huge_it_portfolio_content_23 #huge_it_portfolio_options_23 #port-sort-direction{\r\n        float: left;\r\n        width: 100% !important;\r\n        position: relative;\r\n        padding-left: 31% !important;\r\n        right: 31%;\r\n    }\r\n    #huge_it_portfolio_content_23 #huge_it_portfolio_filters_23 ul li a,\r\n    #huge_it_portfolio_content_23 #huge_it_portfolio_filters_23 ul li a:link,\r\n    #huge_it_portfolio_content_23 #huge_it_portfolio_filters_23 ul li a:visited {\r\n        font-size: 3vw !important;\r\n    }\r\n    #huge_it_portfolio_content_23 #huge_it_portfolio_options_23 ul li a {\r\n        line-height: 3vw;\r\n        font-size:3vw !important;\r\n    }\r\n}\r\n@media screen and (max-width: 420px) {\r\n\r\n    #huge_it_portfolio_content_23 #huge_it_portfolio_filters_23 ul li a,\r\n    #huge_it_portfolio_content_23 #huge_it_portfolio_filters_23 ul li a:link,\r\n    #huge_it_portfolio_content_23 #huge_it_portfolio_filters_23 ul li a:visited {\r\n        font-size: 4vw !important;\r\n    }\r\n    #huge_it_portfolio_content_23 #huge_it_portfolio_options_23 ul li a {\r\n        font-size:4vw !important;\r\n    }\r\n}\r\n@media screen and (max-width: 315px) {\r\n    .portelement_23  {\r\n        width:98%;\r\n        margin: 1% !important;\r\n        float: left;\r\n        overflow: hidden;\r\n        outline:none;\r\n        border:eeeeeepx solid #D0D0D0;\r\n    }\r\n    .wd-portfolio-panel_23 {\r\n        width: 100% !important;\r\n    }\r\n}\r\n#huge-it-container-loading-overlay_23 {\r\n    width: 100%;\r\n    height: 100%;\r\n    position: absolute;\r\n    z-index: 1;\r\n    background:  url(https:\/\/www.maxdupuy.fr\/wp-content\/plugins\/portfolio-gallery\/assets\/images\/loading\/loading-1.svg) center top ;\r\n    background-repeat: no-repeat;\r\n    background-size: 60px auto;\r\n}\r\n#huge_it_portfolio_options_and_filters_23 {\r\n    position: relative;\r\n    float: left;\r\n    width: 20%;\r\n    max-width: 180px;\r\n    float:;\r\nmargin-left:1%;}\r\n<\/style>\n","protected":false},"excerpt":{"rendered":"<p>La lumi\u00e8re est faite de couleurs. Elles ne nous apparaissent que rarement, dans ce ph\u00e9nom\u00e8ne que l\u2019on nomme Arc en Ciel.Dans la nouvelle s\u00e9rie \u00ab\u00a0ART en Ciel\u00a0\u00bb, que je d\u00e9bute, je tente de les capter. ART EN CIEL Un grand soleil de plomb illumine l\u2019azurDans un beau ciel limpide, \u00e0 l\u2019\u00e9clat le plus pur. Une [&hellip;]<\/p>\n","protected":false},"author":2,"featured_media":0,"parent":0,"menu_order":0,"comment_status":"closed","ping_status":"closed","template":"","meta":{"footnotes":""},"_links":{"self":[{"href":"https:\/\/www.maxdupuy.fr\/index.php\/wp-json\/wp\/v2\/pages\/1827"}],"collection":[{"href":"https:\/\/www.maxdupuy.fr\/index.php\/wp-json\/wp\/v2\/pages"}],"about":[{"href":"https:\/\/www.maxdupuy.fr\/index.php\/wp-json\/wp\/v2\/types\/page"}],"author":[{"embeddable":true,"href":"https:\/\/www.maxdupuy.fr\/index.php\/wp-json\/wp\/v2\/users\/2"}],"replies":[{"embeddable":true,"href":"https:\/\/www.maxdupuy.fr\/index.php\/wp-json\/wp\/v2\/comments?post=1827"}],"version-history":[{"count":4,"href":"https:\/\/www.maxdupuy.fr\/index.php\/wp-json\/wp\/v2\/pages\/1827\/revisions"}],"predecessor-version":[{"id":1843,"href":"https:\/\/www.maxdupuy.fr\/index.php\/wp-json\/wp\/v2\/pages\/1827\/revisions\/1843"}],"wp:attachment":[{"href":"https:\/\/www.maxdupuy.fr\/index.php\/wp-json\/wp\/v2\/media?parent=1827"}],"curies":[{"name":"wp","href":"https:\/\/api.w.org\/{rel}","templated":true}]}}