{"id":201,"date":"2017-06-13T09:52:31","date_gmt":"2017-06-13T07:52:31","guid":{"rendered":"http:\/\/www.maxdupuy.fr\/?page_id=201"},"modified":"2019-06-09T11:34:58","modified_gmt":"2019-06-09T09:34:58","slug":"le-collectif-octogone","status":"publish","type":"page","link":"https:\/\/www.maxdupuy.fr\/index.php\/le-collectif-octogone\/","title":{"rendered":"Le collectif Octogone"},"content":{"rendered":"<div>\n<h1>R\u00e9flexion<\/h1>\n<p>Le Collectif Octogone s&rsquo;est constitu\u00e9 lors d&rsquo;une exposition en 2006, au temple du CARLA-BAYLE (09) mais, apr\u00e8s &nbsp;cinquante ann\u00e9es d&rsquo;\u00e9changes et de collaborations.<\/p>\n<\/div>\n<div><strong>Les r\u00e9flexions du groupe se feront \u00e0 partir du texte de MAURICE DENIS:<\/strong><\/div>\n<div>\n<blockquote><p><em>\u00ab\u00a0Un tableau avant d&rsquo;\u00eatre un cheval de bataille, une femme nue, ou une quelconque anecdote, est une surface plane recouverte de couleurs en un certain ordre assembl\u00e9es\u00a0\u00bb<\/em><\/p><\/blockquote>\n<\/div>\n<div>Peindre c&rsquo;est \u00e9tablir des relations singuli\u00e8res entre des \u00e9l\u00e9ments color\u00e9s sur une surface plane, la transformant ainsi en un espace sp\u00e9cifique. Espace construit, concret, dont les peintres du Collectif respectent rigoureusement la plan\u00e9it\u00e9, rejettent tout effet illusionniste donc la perspective, ou tout autre forme d&rsquo;artifice.<\/div>\n<div>\n<\/div>\n<h1>Membres du collectif<\/h1>\n<div>Agathe LYONS, Max DUPUY, Arlette FAUCH\u00c9, Marcel DUCOS, Jacques FAUCH\u00c9.<\/div>\n<div><\/div>\n<p><img loading=\"lazy\" decoding=\"async\" class=\"aligncenter wp-image-325\" title=\"Membres du collectif Octogone\" src=\"http:\/\/www.maxdupuy.fr\/wp-content\/uploads\/2017\/06\/col_octogone.jpg\" alt=\"membre du collectif octogone\" width=\"400\" height=\"399\" srcset=\"https:\/\/www.maxdupuy.fr\/wp-content\/uploads\/2017\/06\/col_octogone.jpg 421w, https:\/\/www.maxdupuy.fr\/wp-content\/uploads\/2017\/06\/col_octogone-150x150.jpg 150w, https:\/\/www.maxdupuy.fr\/wp-content\/uploads\/2017\/06\/col_octogone-300x300.jpg 300w\" sizes=\"(max-width: 400px) 100vw, 400px\" \/><\/p>\n<div>Le 13 juin 2013, nous nous attristons de la disparition de notre ami \u00e0 l&rsquo;origine du COLLECTIF, Jacques FAUCH\u00c9.<\/div>\n<div>\n<\/div>\n<h1>Expositions<\/h1>\n<p><strong>2015&nbsp;\u2013<\/strong>Galerie des Arts, Domaine du Palais&nbsp;des \u00e9v\u00eaques <strong>09 SAINT-LIZIER<\/strong><br \/>\n<strong>2014&nbsp;\u2013<\/strong> Galerie des Arts, Domaine du Palais&nbsp;des \u00e9v\u00eaques <strong>09 SAINT-LIZIER<\/strong><br \/>\n<strong>2012&nbsp;\u2013<\/strong> Chapelle&nbsp;<strong>09 SEIX<\/strong><br \/>\n<strong>2012&nbsp;\u2013<\/strong> Galerie du th\u00e9\u00e2tre <strong>31 SAINT-GAUDENS<\/strong><br \/>\n<strong>2011&nbsp;\u2013<\/strong> Maison des associations <strong>31 TOULOUSE<\/strong><br \/>\n<strong>2011&nbsp;\u2013<\/strong> Les greniers du Chap\u00eetre <strong>46 CAHORS<\/strong><br \/>\n<strong>2009&nbsp;\u2013<\/strong> Galerie de la Pr\u00e9v\u00f4t\u00e9 <strong>41 SAINT-AIGNAN<\/strong><br \/>\n<strong>2008&nbsp;\u2013<\/strong> Ch\u00e2teau <strong>31 LAUNAGUET<\/strong><br \/>\n<strong>2007&nbsp;\u2013<\/strong> Mus\u00e9e municipal <strong>31 SAINT-GAUDENS<\/strong><br \/>\n<strong>2007&nbsp;\u2013<\/strong> Espace Gibert <strong>11 L\u00c9ZIGNAN-CORBIERES<\/strong><br \/>\n<strong>2006&nbsp;\u2013<\/strong>&nbsp;Rue des Arts <strong>09 CARLA-BAYLE<\/strong><\/p>\n<div>\n<\/div>\n<h1>Publication<\/h1>\n<p><img loading=\"lazy\" decoding=\"async\" class=\"aligncenter wp-image-330\" title=\"\u00c0 la recherche de la couleur\" src=\"http:\/\/www.maxdupuy.fr\/wp-content\/uploads\/2017\/06\/a_la_recherche_de_la_couleur_OK1-237x300.jpg\" alt=\"\u00e0 la recherche de la couleur\" width=\"400\" height=\"507\" srcset=\"https:\/\/www.maxdupuy.fr\/wp-content\/uploads\/2017\/06\/a_la_recherche_de_la_couleur_OK1-237x300.jpg 237w, https:\/\/www.maxdupuy.fr\/wp-content\/uploads\/2017\/06\/a_la_recherche_de_la_couleur_OK1-768x973.jpg 768w, https:\/\/www.maxdupuy.fr\/wp-content\/uploads\/2017\/06\/a_la_recherche_de_la_couleur_OK1-808x1024.jpg 808w, https:\/\/www.maxdupuy.fr\/wp-content\/uploads\/2017\/06\/a_la_recherche_de_la_couleur_OK1.jpg 1263w\" sizes=\"(max-width: 400px) 100vw, 400px\" \/><\/p>\n<div>Le Collectif Octogone a publi\u00e9 aux \u00e9ditions \u00ab\u00a0in-extenso\u00a0\u00bb l&rsquo;ouvrage &nbsp;:<br \/>\n<strong>\u00ab\u00a0A la recherche de la couleur\u00a0\u00bb<\/strong><\/div>\n<p><img loading=\"lazy\" decoding=\"async\" class=\"aligncenter wp-image-331\" title=\"\u00c0 la recherche de la couleur\" src=\"http:\/\/www.maxdupuy.fr\/wp-content\/uploads\/2017\/06\/a_la_recherche_de_la_couleur_OK-300x278.jpg\" alt=\"\u00e0 la recherche de la couleur\" width=\"400\" height=\"371\" srcset=\"https:\/\/www.maxdupuy.fr\/wp-content\/uploads\/2017\/06\/a_la_recherche_de_la_couleur_OK-300x278.jpg 300w, https:\/\/www.maxdupuy.fr\/wp-content\/uploads\/2017\/06\/a_la_recherche_de_la_couleur_OK-768x712.jpg 768w, https:\/\/www.maxdupuy.fr\/wp-content\/uploads\/2017\/06\/a_la_recherche_de_la_couleur_OK-1024x949.jpg 1024w, https:\/\/www.maxdupuy.fr\/wp-content\/uploads\/2017\/06\/a_la_recherche_de_la_couleur_OK.jpg 1700w\" sizes=\"(max-width: 400px) 100vw, 400px\" \/><\/p>\n","protected":false},"excerpt":{"rendered":"<p>R\u00e9flexion Le Collectif Octogone s&rsquo;est constitu\u00e9 lors d&rsquo;une exposition en 2006, au temple du CARLA-BAYLE (09) mais, apr\u00e8s &nbsp;cinquante ann\u00e9es d&rsquo;\u00e9changes et de collaborations. Les r\u00e9flexions du groupe se feront \u00e0 partir du texte de MAURICE DENIS: \u00ab\u00a0Un tableau avant d&rsquo;\u00eatre un cheval de bataille, une femme nue, ou une quelconque anecdote, est une surface [&hellip;]<\/p>\n","protected":false},"author":2,"featured_media":0,"parent":0,"menu_order":0,"comment_status":"closed","ping_status":"closed","template":"","meta":{"footnotes":""},"_links":{"self":[{"href":"https:\/\/www.maxdupuy.fr\/index.php\/wp-json\/wp\/v2\/pages\/201"}],"collection":[{"href":"https:\/\/www.maxdupuy.fr\/index.php\/wp-json\/wp\/v2\/pages"}],"about":[{"href":"https:\/\/www.maxdupuy.fr\/index.php\/wp-json\/wp\/v2\/types\/page"}],"author":[{"embeddable":true,"href":"https:\/\/www.maxdupuy.fr\/index.php\/wp-json\/wp\/v2\/users\/2"}],"replies":[{"embeddable":true,"href":"https:\/\/www.maxdupuy.fr\/index.php\/wp-json\/wp\/v2\/comments?post=201"}],"version-history":[{"count":36,"href":"https:\/\/www.maxdupuy.fr\/index.php\/wp-json\/wp\/v2\/pages\/201\/revisions"}],"predecessor-version":[{"id":1029,"href":"https:\/\/www.maxdupuy.fr\/index.php\/wp-json\/wp\/v2\/pages\/201\/revisions\/1029"}],"wp:attachment":[{"href":"https:\/\/www.maxdupuy.fr\/index.php\/wp-json\/wp\/v2\/media?parent=201"}],"curies":[{"name":"wp","href":"https:\/\/api.w.org\/{rel}","templated":true}]}}