{"id":244,"date":"2017-06-13T11:02:13","date_gmt":"2017-06-13T09:02:13","guid":{"rendered":"http:\/\/www.maxdupuy.fr\/?page_id=244"},"modified":"2025-08-10T19:43:00","modified_gmt":"2025-08-10T17:43:00","slug":"revue-de-presse","status":"publish","type":"page","link":"https:\/\/www.maxdupuy.fr\/index.php\/revue-de-presse\/","title":{"rendered":"Revue de Presse"},"content":{"rendered":"<h2>Ao\u00fbt 2025<\/h2>\n<h2><strong><img loading=\"lazy\" decoding=\"async\" class=\"alignleft wp-image-1773 size-full\" src=\"http:\/\/www.maxdupuy.fr\/wp-content\/uploads\/2025\/08\/PAPA_ARTICLE.jpg\" alt=\"\" width=\"340\" height=\"842\" srcset=\"https:\/\/www.maxdupuy.fr\/wp-content\/uploads\/2025\/08\/PAPA_ARTICLE.jpg 340w, https:\/\/www.maxdupuy.fr\/wp-content\/uploads\/2025\/08\/PAPA_ARTICLE-121x300.jpg 121w\" sizes=\"(max-width: 340px) 100vw, 340px\" \/><\/strong><img loading=\"lazy\" decoding=\"async\" class=\"alignright wp-image-1776 size-full\" src=\"http:\/\/www.maxdupuy.fr\/wp-content\/uploads\/2025\/08\/PAPA_ARTICLE2.jpg\" alt=\"\" width=\"340\" height=\"842\" srcset=\"https:\/\/www.maxdupuy.fr\/wp-content\/uploads\/2025\/08\/PAPA_ARTICLE2.jpg 340w, https:\/\/www.maxdupuy.fr\/wp-content\/uploads\/2025\/08\/PAPA_ARTICLE2-121x300.jpg 121w\" sizes=\"(max-width: 340px) 100vw, 340px\" \/><\/h2>\n<h1><\/h1>\n<h1><\/h1>\n<h1><\/h1>\n<h1><\/h1>\n<h1><\/h1>\n<h1><\/h1>\n<h1><\/h1>\n<h1><\/h1>\n<h1><\/h1>\n<h1><\/h1>\n<h1><\/h1>\n<p><a href=\"https:\/\/www.instagram.com\/reel\/DMfrLQFoC-V\/?utm_source=ig_web_copy_link\"><img loading=\"lazy\" decoding=\"async\" class=\"aligncenter wp-image-1765 size-medium\" src=\"http:\/\/www.maxdupuy.fr\/wp-content\/uploads\/2025\/08\/Capture-decran-2025-08-10-a-19.06.08-168x300.png\" alt=\"\" width=\"168\" height=\"300\" srcset=\"https:\/\/www.maxdupuy.fr\/wp-content\/uploads\/2025\/08\/Capture-decran-2025-08-10-a-19.06.08-168x300.png 168w, https:\/\/www.maxdupuy.fr\/wp-content\/uploads\/2025\/08\/Capture-decran-2025-08-10-a-19.06.08-574x1024.png 574w, https:\/\/www.maxdupuy.fr\/wp-content\/uploads\/2025\/08\/Capture-decran-2025-08-10-a-19.06.08-506x904.png 506w, https:\/\/www.maxdupuy.fr\/wp-content\/uploads\/2025\/08\/Capture-decran-2025-08-10-a-19.06.08.png 670w\" sizes=\"(max-width: 168px) 100vw, 168px\" \/><\/a><\/p>\n<h1>Lanouvellerepublique.fr<\/h1>\n<h2>Septembre 2017<\/h2>\n<div>\n<p><img loading=\"lazy\" decoding=\"async\" class=\"aligncenter wp-image-885 size-large\" src=\"http:\/\/www.maxdupuy.fr\/wp-content\/uploads\/2017\/06\/max-1024x605.jpg\" alt=\"max dupuy\" width=\"1024\" height=\"605\" srcset=\"https:\/\/www.maxdupuy.fr\/wp-content\/uploads\/2017\/06\/max-1024x605.jpg 1024w, https:\/\/www.maxdupuy.fr\/wp-content\/uploads\/2017\/06\/max-300x177.jpg 300w, https:\/\/www.maxdupuy.fr\/wp-content\/uploads\/2017\/06\/max-768x454.jpg 768w, https:\/\/www.maxdupuy.fr\/wp-content\/uploads\/2017\/06\/max.jpg 1032w\" sizes=\"(max-width: 1024px) 100vw, 1024px\" \/><\/p>\n<\/div>\n<blockquote><p>C&rsquo;est une cinquantaine de toiles grands et moyens formats que Max Dupuy expose au pavillon Charles-X jusqu&rsquo;au 2 octobre. Des peintures qui, abstraites ou figuratives, se caract\u00e9risent par leurs compositions identiques.<\/p>\n<div>\n<p>Elles sont trait\u00e9es en \u00e0-plat, ce qui leur donne un aspect tr\u00e8s lisse, sans perspective et sont construites \u00e0 base de carr\u00e9s qui se multiplient jusque dans les fonds de toile.<br \/>\nLe travail sur la couleur de cet artiste est \u00e9tonnant. Il utilise une tr\u00e8s large palette avec des tons \u00e0 la fois vifs et doux, inhabituellement assembl\u00e9s et qui, pourtant, sont curieusement en harmonie.<br \/>\n<i>\u00ab Toutes les teintes peuvent s&rsquo;harmoniser si on \u00e9quilibre la valeur et la saturation \u00bb<\/i>, explique Max Dupuy. Celui-ci fait partie d&rsquo;un groupe de peintres, Le Collectif octogone, qui participe essentiellement \u00e0 des travaux de recherche sur la couleur.<\/p>\n<p>Carr\u00e9s et couleurs sont donc r\u00e9ellement au service de la peinture de l&rsquo;artiste. <i>\u00ab Le carr\u00e9, forme simple, me permet de faire vibrer les couleurs, de les mettre en valeur sans les perturber par un dessin trop pr\u00e9gnant \u00bb<\/i>, explique-t-il encore.<br \/>\nL&rsquo;une de ses toiles, le triptyque \u00ab Polka fun\u00e8bre \u00bb est un peu diff\u00e9rente puisque les sujets sont cloisonn\u00e9s et apparaissent de fa\u00e7on plus figurative.<br \/>\nPour cette exposition, Max Dupuy a privil\u00e9gi\u00e9 le th\u00e8me animalier et ses animaux sont toujours en mouvement.<\/p>\n<p><b>Jusqu&rsquo;au lundi 2 octobre, au pavillon Charles-X, parc de La Perraudi\u00e8re. Entr\u00e9e libre. Renseignements\u2009: t\u00e9l.02.47.42.80.21.<br \/>\nhttps:\/\/www.lanouvellerepublique.fr\/actu\/faune-sauvage-et-couleurs-apprivoisees<br \/>\n<\/b><\/p>\n<\/div>\n<\/blockquote>\n<h1>Lanouvellerepublique.fr<\/h1>\n<h2>Janvier 2016<\/h2>\n<div><\/div>\n<blockquote>\n<div>Si l&rsquo;exposition que pr\u00e9sente Max Dupuy au pavillon Charles X s&rsquo;intitule \u00abSerial Carr\u00e9s\u00bb, c&rsquo;est que le module de base du travail de l&rsquo;artiste est le carr\u00e9. Max Dupuy a toujours aim\u00e9 les images\u2009: \u00abJe trouve que les images sont sages et rassurantes. Enfant, j&rsquo;ai ador\u00e9 les illustrations de Benjamin Rabier pour les Fables de La Fontaine. J&rsquo;aime m&rsquo;amuser avec la couleur\u00bb.<\/div>\n<div>Form\u00e9 aux Beaux-Arts de Toulouse, il enseigne pendant de nombreuses ann\u00e9es les arts plastiques et les arts appliqu\u00e9s, et participe pendant quinze ans au collectif Octogone, un groupe de recherche qui travaille sur la couleur. L&rsquo;artiste utilise essentiellement l&rsquo;acrylique, mat\u00e9riau le mieux appropri\u00e9 pour les aplats de couleurs sur toile. Peindre, pour lui, c&rsquo;est \u00e9tablir des relations singuli\u00e8res entre des \u00e9l\u00e9ments color\u00e9s sur une surface plane, la transformant ainsi en espace sp\u00e9cifique. \u00abLa surface plane est l&rsquo;aire de vie fondamentale de la couleur. Dans l&rsquo;espace ou dans la nature, il n&rsquo;y a pas de couleur, il n&rsquo;y a que des ph\u00e9nom\u00e8nes color\u00e9s\u00bb explique-t-il. \u00ab\u00a0Par des effets d&rsquo;ombre et de lumi\u00e8re, le volume alt\u00e8re syst\u00e9matiquement la couleur\u2009; celle-ci ne peut donc s&rsquo;exprimer dans sa pl\u00e9nitude que sur une surface plane\u00a0\u00bb.<\/div>\n<div>Ce sont les formes simples qui lui permettent de faire vibrer les couleurs. Le carr\u00e9 est l&rsquo;un de ses outils visuels pr\u00e9f\u00e9r\u00e9s\u2009: il lui permet d&rsquo;appr\u00e9hender les interactions entre les couleurs tout en assurant une continuit\u00e9 visuelle \u00e0 l&rsquo;ensemble de son travail. La peinture de Max Dupuy n&rsquo;a besoin d&rsquo;aucun artifice, elle prend sa dimension dans le regard du visiteur.<\/div>\n<div>Jusqu&rsquo;au 17janvier de 14\u2009h \u00e0 18\u2009h en semaine, de 11\u2009h \u00e0 18\u2009h\u200930, le week-end. Vernissage samedi 9 janvier \u00e0 partir de 17\u2009h\u200930.<\/div>\n<\/blockquote>\n<div><\/div>\n<h1>La Nouvelle R\u00e9publique<br \/>\n7 ao\u00fbt 2012<\/h1>\n<div><\/div>\n<p><img loading=\"lazy\" decoding=\"async\" class=\"wp-image-245 aligncenter\" title=\"La nouvelle r\u00e9publique 7 ao\u00fbt 2012\" src=\"http:\/\/www.maxdupuy.fr\/wp-content\/uploads\/2017\/06\/lanr1-1024x724.jpg\" alt=\"La nouvelle r\u00e9publique 7 ao\u00fbt 2012\" width=\"500\" height=\"354\" srcset=\"https:\/\/www.maxdupuy.fr\/wp-content\/uploads\/2017\/06\/lanr1-1024x724.jpg 1024w, https:\/\/www.maxdupuy.fr\/wp-content\/uploads\/2017\/06\/lanr1-300x212.jpg 300w, https:\/\/www.maxdupuy.fr\/wp-content\/uploads\/2017\/06\/lanr1-768x543.jpg 768w, https:\/\/www.maxdupuy.fr\/wp-content\/uploads\/2017\/06\/lanr1.jpg 1600w\" sizes=\"(max-width: 500px) 100vw, 500px\" \/><\/p>\n<div><\/div>\n<h1>Le Forum des arts Plastiques<br \/>\nF\u00e9vrier 2011<\/h1>\n<div><\/div>\n<p><img loading=\"lazy\" decoding=\"async\" class=\"wp-image-248 aligncenter\" title=\"&quot;LE FORUM DES ARTS PLASTIQUES&quot; F\u00e9vrier 2011\" src=\"http:\/\/www.maxdupuy.fr\/wp-content\/uploads\/2017\/06\/presse2-742x1024.jpg\" alt=\"&quot;LE FORUM DES ARTS PLASTIQUES&quot; F\u00e9vrier 2011\" width=\"500\" height=\"690\" srcset=\"https:\/\/www.maxdupuy.fr\/wp-content\/uploads\/2017\/06\/presse2-742x1024.jpg 742w, https:\/\/www.maxdupuy.fr\/wp-content\/uploads\/2017\/06\/presse2-217x300.jpg 217w, https:\/\/www.maxdupuy.fr\/wp-content\/uploads\/2017\/06\/presse2-768x1060.jpg 768w, https:\/\/www.maxdupuy.fr\/wp-content\/uploads\/2017\/06\/presse2.jpg 1159w\" sizes=\"(max-width: 500px) 100vw, 500px\" \/><\/p>\n<div><\/div>\n<h1>La Nouvelle R\u00e9publique<br \/>\n7 d\u00e9cembre 2011<\/h1>\n<div><\/div>\n<p><img loading=\"lazy\" decoding=\"async\" class=\"wp-image-250 aligncenter\" title=\"Roullet. La Nouvelle R\u00e9publique . d\u00e9cembre 2011. \" src=\"http:\/\/www.maxdupuy.fr\/wp-content\/uploads\/2017\/06\/presse3-865x1024.jpg\" alt=\"Roullet. La Nouvelle R\u00e9publique . d\u00e9cembre 2011. \" width=\"500\" height=\"592\" srcset=\"https:\/\/www.maxdupuy.fr\/wp-content\/uploads\/2017\/06\/presse3-865x1024.jpg 865w, https:\/\/www.maxdupuy.fr\/wp-content\/uploads\/2017\/06\/presse3-254x300.jpg 254w, https:\/\/www.maxdupuy.fr\/wp-content\/uploads\/2017\/06\/presse3-768x909.jpg 768w, https:\/\/www.maxdupuy.fr\/wp-content\/uploads\/2017\/06\/presse3.jpg 1352w\" sizes=\"(max-width: 500px) 100vw, 500px\" \/><\/p>\n<div><\/div>\n<blockquote><p><i>\u00ab\u00a0Ce peintre fait partie d&rsquo;un Collectif baptis\u00e9 OCTOGONE, \u00a0qui se focalise sur la couleur. Peindre, c&rsquo;est d&rsquo;abord ma\u00eetriser la couleur, expliquent ces artistes qui font des recherches et exp\u00e9rimentent toutes les possibilit\u00e9s de la couleur dans une d\u00e9marche rigoureuse (&#8230;) Dans cette d\u00e9marche tr\u00e8s technique, ces peintres consid\u00e8rent \u00e9galement que la surface plane est l&rsquo;aire de vie fondamentale de la couleur, qui est alt\u00e9r\u00e9e par les effets de lumi\u00e8re ou de relief, par exemple, dans un espace en trois dimensions\u00a0\u00bb.<\/i><\/p><\/blockquote>\n<div><\/div>\n<h1>Le Forum des Arts Plastiques<br \/>\nF\u00e9vrier 2011<\/h1>\n<div><\/div>\n<blockquote>\n<div>\u00ab\u00a0On est presque tent\u00e9 de qualifier Max DUPUY de peintre minimaliste tant il r\u00e9ussit \u00e0 faire l&rsquo;\u00e9conomie de moyens pour exprimer le trop de messages qu&rsquo;il engrange. Le silence et le langage se c\u00f4toient en permanence et l&rsquo;on ne sait pas qui aura le dernier mot. Peintre immat\u00e9riel, Max DUPUY n&rsquo;a pas de complexe face \u00e0 la complexit\u00e9 du discours: et de sa peinture \u00e9sot\u00e9rique \u00e9merge un message d\u00e9pouill\u00e9 plein de sagesse et de profondeur\u00a0\u00bb<\/div>\n<\/blockquote>\n<div><\/div>\n<h1>Le Nouvelliste de Saint-Aignan (41)<br \/>\nProgramme Et\u00e9 2009<\/h1>\n<div><\/div>\n<blockquote>\n<div>\u00ab\u00a0Dans le travail de Max Dupuy, la couleur n&rsquo;est pas r\u00e9duite \u00e0 un r\u00f4le secondaire, mais au contraire, elle est bel et bien consubstantielle \u00e0 la forme et l&rsquo;on ne peut donc l&rsquo;en dissocier. Pour lui, la forme appelle la couleur, mais si elle est suscit\u00e9e par la forme, la couleur oblige le peintre \u00e0 dessiner d&rsquo;une mani\u00e8re singuli\u00e8re.\u00a0\u00bb<\/div>\n<\/blockquote>\n<div><\/div>\n<h1>L&rsquo;ind\u00e9pendant de Perpignan (66)<br \/>\nAo\u00fbt 2007<\/h1>\n<div><\/div>\n<blockquote>\n<div>\u00ab\u00a0Les oeuvres de Max DUPUY expriment v\u00e9ritablement sa sensibilit\u00e9 exacerb\u00e9e par la couleur(&#8230;)qui repr\u00e9sente le travail de toute une vie. Il en connait la grammaire et le vocabulaire. Il recherche la ma\u00eetrise de l&rsquo;\u00e9l\u00e9ment constitutif de l&rsquo;image, la structure , le plan, l&rsquo;espace, l&rsquo;\u00e9piderme, la lumi\u00e8re, la couleur, la composition\u00a0\u00bb<\/div>\n<p><strong>Nicolas Boussu.<\/strong><i><\/i><\/p><\/blockquote>\n<div><\/div>\n<h1>La D\u00e9p\u00e8che du midi<br \/>\nAo\u00fbt 2005<\/h1>\n<div><\/div>\n<div>\n<blockquote><p><i>\u00ab\u00a0Peintre de l&rsquo;espace et de la lumi\u00e8re, Max Dupuy, ne peint pas des paysages, ses tableaux surprennent et intriguent le regard. Il sait \u00e0 merveille conjuguer le bleu \u00e0 l&rsquo;infini,sa peinture moderne non figurative nous interpelle, il s&rsquo;en d\u00e9gage une atmosph\u00e8re \u00e9trange \u00e0 la limite du r\u00eave et de la r\u00e9alit\u00e9, mais qui ne laisse pas indiff\u00e9rent\u00a0\u00bb<\/i><\/p><\/blockquote>\n<div><\/div>\n<h1>Lucien Martin. En introduction \u00e0 l&rsquo;exposition au Carroi.<br \/>\nMontlouis-sur-Loire (37).<br \/>\nJanvier 2002.<\/h1>\n<div><\/div>\n<blockquote><p><i>\u00ab\u00a0Pays sages, brisures, lignes de force, courant d&rsquo;air ou le rendez-vous des traces.\u00a0\u00bb<\/i><\/p><\/blockquote>\n<\/div>\n<div><\/div>\n<h1>La Nouvelle R\u00e9publique<br \/>\nJuillet 2001<\/h1>\n<div><\/div>\n<blockquote>\n<div>\u00ab\u00a0A l&rsquo;aide d&rsquo;arabesques de couleur, de r\u00e9p\u00e9tition de motifs, de collage de variation de teintes, l&rsquo;artiste a construit un univers f\u00e9erique, scintillant, un univers o\u00f9 r\u00eave et libert\u00e9 sont omnipr\u00e9sents\u00a0\u00bb<\/div>\n<\/blockquote>\n<div><\/div>\n<h1>La Nouvelle R\u00e9publique<br \/>\nAo\u00fbt 2001<\/h1>\n<div><\/div>\n<div><img loading=\"lazy\" decoding=\"async\" class=\"wp-image-252 aligncenter\" title=\"La nouvelle R\u00e9publique - Juillet 2007\" src=\"http:\/\/www.maxdupuy.fr\/wp-content\/uploads\/2017\/06\/presse4-138x300.jpg\" alt=\"La nouvelle R\u00e9publique - Juillet 2007\" width=\"500\" height=\"1084\" srcset=\"https:\/\/www.maxdupuy.fr\/wp-content\/uploads\/2017\/06\/presse4-138x300.jpg 138w, https:\/\/www.maxdupuy.fr\/wp-content\/uploads\/2017\/06\/presse4-472x1024.jpg 472w, https:\/\/www.maxdupuy.fr\/wp-content\/uploads\/2017\/06\/presse4.jpg 738w\" sizes=\"(max-width: 500px) 100vw, 500px\" \/><\/div>\n<div><\/div>\n<div><\/div>\n<h1>La\u00a0D\u00e9p\u00eache du Midi<br \/>\nJuillet 2001<\/h1>\n<div><\/div>\n<div><img loading=\"lazy\" decoding=\"async\" class=\"wp-image-254 aligncenter\" title=\"la d\u00e9p\u00eache du Midi Juillet 2001\" src=\"http:\/\/www.maxdupuy.fr\/wp-content\/uploads\/2017\/06\/presse5-300x253.jpg\" alt=\"la d\u00e9p\u00eache du Midi Juillet 2001\" width=\"500\" height=\"421\" srcset=\"https:\/\/www.maxdupuy.fr\/wp-content\/uploads\/2017\/06\/presse5-300x253.jpg 300w, https:\/\/www.maxdupuy.fr\/wp-content\/uploads\/2017\/06\/presse5-768x647.jpg 768w, https:\/\/www.maxdupuy.fr\/wp-content\/uploads\/2017\/06\/presse5-1024x863.jpg 1024w, https:\/\/www.maxdupuy.fr\/wp-content\/uploads\/2017\/06\/presse5.jpg 1600w\" sizes=\"(max-width: 500px) 100vw, 500px\" \/><\/div>\n<div><\/div>\n<h1>L&rsquo;Alsace<br \/>\nMars 1993<\/h1>\n<div><\/div>\n<blockquote>\n<div>Comment \u00e9veiller la curiosit\u00e9 esth\u00e9tique des jeunes du Lyc\u00e9e \u00a0Lazare de Schwendi? A cette question max Dupuy, professeur d&rsquo;arts plastiques, a trouv\u00e9 une r\u00e9ponse simple et pourtant originale: Par l&rsquo;observation du r\u00e9el et sa transposition;<\/div>\n<div>Le r\u00e9el a Colmar, c&rsquo;est le paysage viticole.(&#8230;) Le r\u00e9el ce sont donc des rang\u00e9es de vignes avec leur espace, leur disposition, leur rythme et leur v\u00e9g\u00e9tation.<\/div>\n<div>Comme pour le peintre, l&rsquo;art, c&rsquo;est la couleur, Max Dupuy et ses \u00e9l\u00e8ves ont imagin\u00e9 que les piquets de vignes pouvaient constituer un excellent support de la couleur \u00e0 la morte saison.(&#8230;) rouge, jaune, orang\u00e9, bleu et ainsi ont-ils coloris\u00e9 le Letzenberg et l&rsquo;ont-ils transform\u00e9 peut-\u00eatre en une nouvelle montagne Sainte Victoire que n&rsquo;aurait pas d\u00e9daign\u00e9 un certain Cezanne.\u00a0\u00bb<\/div>\n<\/blockquote>\n<div><\/div>\n<div><img loading=\"lazy\" decoding=\"async\" class=\"wp-image-255 aligncenter\" title=\"L'alsace mars 1993\" src=\"http:\/\/www.maxdupuy.fr\/wp-content\/uploads\/2017\/06\/presse6-300x235.jpg\" alt=\"\" width=\"500\" height=\"391\" srcset=\"https:\/\/www.maxdupuy.fr\/wp-content\/uploads\/2017\/06\/presse6-300x235.jpg 300w, https:\/\/www.maxdupuy.fr\/wp-content\/uploads\/2017\/06\/presse6-768x601.jpg 768w, https:\/\/www.maxdupuy.fr\/wp-content\/uploads\/2017\/06\/presse6-1024x801.jpg 1024w, https:\/\/www.maxdupuy.fr\/wp-content\/uploads\/2017\/06\/presse6.jpg 1600w\" sizes=\"(max-width: 500px) 100vw, 500px\" \/><\/div>\n<div><\/div>\n<h1>Exposition au Ch\u00e2teau D&rsquo;Amboise<br \/>\nJanvier 1989<\/h1>\n<div><\/div>\n<div><strong><i>Lucien Martin en i<\/i><i>ntroduction \u00e0 l&rsquo;exposition<br \/>\nSalle du Moyen-\u00c2ge Ch\u00e2teau royal Amboise. (37). Janvier 1989<\/i><\/strong><\/div>\n<blockquote>\n<div>\u00a0\u00bb les parcelles de surfaces non closes tuilent l&rsquo;espace. Tout ne devient que passage, chevauchement. Architectonie de l&rsquo;oeuvre. Les \u00e9quilibres tiennent, \u00e0 la limite de la rupture.<\/div>\n<div>Fragilit\u00e9 des espaces sans cesse menac\u00e9s par ce risque toujours de poindre.\u00a0\u00bb<\/div>\n<\/blockquote>\n<div><\/div>\n<h1>Exposition \u00e0 l&rsquo;Orangerie d&rsquo;Amboise<br \/>\nJuin 1988<\/h1>\n<div><\/div>\n<p><strong><i>Michel Debr\u00e9 pr\u00e9sidait le vernissage de l&rsquo;exposition<br \/>\n\u00e0 l&rsquo; Orangerie du Mus\u00e9e de la Poste. Amboise. Juin 1988.<\/i><\/strong><\/p>\n<div><\/div>\n<div>\n<p>\u00a0\u00bb Dans notre temps la peinture s&rsquo;est diversifi\u00e9e. De grands artistes, depuis une cinquantaine d&rsquo;ann\u00e9es, ont ajout\u00e9 \u00e0 la tradition une orientation nouvelle que l&rsquo;on dit \u00ab\u00a0abstraite\u00a0\u00bb ou \u00ab\u00a0non figurative\u00a0\u00bb. Il a fallu un certain temps d&rsquo;adaptation pour comprendre cet effort nouveau qui \u00e0 travers des compositions de couleurs vari\u00e9es, voire de collages, entend traduire d&rsquo;une mani\u00e8re inusit\u00e9e soit la vue du monde ext\u00e9rieur, soit l&rsquo;expression de sentiments personnels et d&rsquo;impressions momentan\u00e9es ou durables. Gr\u00e2ce \u00e0 de nombreux artistes, cet art abstrait a d\u00e9sormais conquis droit de cit\u00e9, et pour ne parler que des morts, Max Ernst, qui fut si longtemps tourangeau a montr\u00e9 la voie.(&#8230;) Max Dupuy, a l&rsquo;ambition justifi\u00e9e de se situer parmi ces cr\u00e9ateurs. Que cette exposition d&rsquo; Amboise soit pour lui, non seulement un succ\u00e8s mais un point de d\u00e9part, et que son talent puisse s&rsquo;\u00e9panouir.\u00a0\u00bb<\/p>\n<p><img loading=\"lazy\" decoding=\"async\" class=\"aligncenter wp-image-257\" src=\"http:\/\/www.maxdupuy.fr\/wp-content\/uploads\/2017\/06\/presse14-190x300.jpg\" alt=\"L'orangerie\" width=\"500\" height=\"791\" srcset=\"https:\/\/www.maxdupuy.fr\/wp-content\/uploads\/2017\/06\/presse14-190x300.jpg 190w, https:\/\/www.maxdupuy.fr\/wp-content\/uploads\/2017\/06\/presse14-768x1215.jpg 768w, https:\/\/www.maxdupuy.fr\/wp-content\/uploads\/2017\/06\/presse14-647x1024.jpg 647w, https:\/\/www.maxdupuy.fr\/wp-content\/uploads\/2017\/06\/presse14.jpg 1011w\" sizes=\"(max-width: 500px) 100vw, 500px\" \/><\/p>\n<div><\/div>\n<\/div>\n<h1>Exposition au Mus\u00e9e de la Poste<br \/>\nJuin 1988<\/h1>\n<div><\/div>\n<div><img loading=\"lazy\" decoding=\"async\" class=\"aligncenter wp-image-260\" src=\"http:\/\/www.maxdupuy.fr\/wp-content\/uploads\/2017\/06\/presse15-281x300.jpg\" alt=\"Mus\u00e9e de la poste 1988\" width=\"500\" height=\"533\" srcset=\"https:\/\/www.maxdupuy.fr\/wp-content\/uploads\/2017\/06\/presse15-281x300.jpg 281w, https:\/\/www.maxdupuy.fr\/wp-content\/uploads\/2017\/06\/presse15-768x819.jpg 768w, https:\/\/www.maxdupuy.fr\/wp-content\/uploads\/2017\/06\/presse15-961x1024.jpg 961w, https:\/\/www.maxdupuy.fr\/wp-content\/uploads\/2017\/06\/presse15.jpg 1501w\" sizes=\"(max-width: 500px) 100vw, 500px\" \/><\/div>\n<div><\/div>\n<h1>Peinture Murale<br \/>\n1986<\/h1>\n<p><img loading=\"lazy\" decoding=\"async\" class=\"aligncenter wp-image-261\" title=\"peinture murale 1986\" src=\"http:\/\/www.maxdupuy.fr\/wp-content\/uploads\/2017\/06\/presse16-300x234.jpg\" alt=\"peinture murale 1986\" width=\"500\" height=\"390\" srcset=\"https:\/\/www.maxdupuy.fr\/wp-content\/uploads\/2017\/06\/presse16-300x234.jpg 300w, https:\/\/www.maxdupuy.fr\/wp-content\/uploads\/2017\/06\/presse16-768x599.jpg 768w, https:\/\/www.maxdupuy.fr\/wp-content\/uploads\/2017\/06\/presse16-1024x799.jpg 1024w, https:\/\/www.maxdupuy.fr\/wp-content\/uploads\/2017\/06\/presse16.jpg 1600w\" sizes=\"(max-width: 500px) 100vw, 500px\" \/><\/p>\n<div><\/div>\n<p><img loading=\"lazy\" decoding=\"async\" class=\"aligncenter wp-image-262\" title=\"peinture murale 1986\" src=\"http:\/\/www.maxdupuy.fr\/wp-content\/uploads\/2017\/06\/presse17-231x300.jpg\" alt=\"peinture murale 1986\" width=\"500\" height=\"650\" srcset=\"https:\/\/www.maxdupuy.fr\/wp-content\/uploads\/2017\/06\/presse17-231x300.jpg 231w, https:\/\/www.maxdupuy.fr\/wp-content\/uploads\/2017\/06\/presse17-768x998.jpg 768w, https:\/\/www.maxdupuy.fr\/wp-content\/uploads\/2017\/06\/presse17-788x1024.jpg 788w, https:\/\/www.maxdupuy.fr\/wp-content\/uploads\/2017\/06\/presse17.jpg 1231w\" sizes=\"(max-width: 500px) 100vw, 500px\" \/><\/p>\n<div><\/div>\n<h1>Exposition \u00e0 l&rsquo;Orangerie du Mus\u00e9e de la Poste Amboise<br \/>\nJuillet 1982<\/h1>\n<p><img loading=\"lazy\" decoding=\"async\" class=\"aligncenter wp-image-263\" title=\"1982\" src=\"http:\/\/www.maxdupuy.fr\/wp-content\/uploads\/2017\/06\/presse18-300x252.jpg\" alt=\"1982\" width=\"500\" height=\"420\" srcset=\"https:\/\/www.maxdupuy.fr\/wp-content\/uploads\/2017\/06\/presse18-300x252.jpg 300w, https:\/\/www.maxdupuy.fr\/wp-content\/uploads\/2017\/06\/presse18-768x646.jpg 768w, https:\/\/www.maxdupuy.fr\/wp-content\/uploads\/2017\/06\/presse18-1024x861.jpg 1024w, https:\/\/www.maxdupuy.fr\/wp-content\/uploads\/2017\/06\/presse18-370x310.jpg 370w, https:\/\/www.maxdupuy.fr\/wp-content\/uploads\/2017\/06\/presse18.jpg 1600w\" sizes=\"(max-width: 500px) 100vw, 500px\" \/><\/p>\n<div><\/div>\n<p><img loading=\"lazy\" decoding=\"async\" class=\"aligncenter wp-image-264\" title=\"1982\" src=\"http:\/\/www.maxdupuy.fr\/wp-content\/uploads\/2017\/06\/presse19-300x278.jpg\" alt=\"1982\" width=\"500\" height=\"463\" srcset=\"https:\/\/www.maxdupuy.fr\/wp-content\/uploads\/2017\/06\/presse19-300x278.jpg 300w, https:\/\/www.maxdupuy.fr\/wp-content\/uploads\/2017\/06\/presse19-768x711.jpg 768w, https:\/\/www.maxdupuy.fr\/wp-content\/uploads\/2017\/06\/presse19-1024x948.jpg 1024w, https:\/\/www.maxdupuy.fr\/wp-content\/uploads\/2017\/06\/presse19.jpg 1600w\" sizes=\"(max-width: 500px) 100vw, 500px\" \/><\/p>\n<h1>Exposition \u00e0 La galerie de la Tour Amboise<br \/>\nJuillet 1977<\/h1>\n<div><\/div>\n<p><img loading=\"lazy\" decoding=\"async\" class=\"aligncenter wp-image-265\" title=\"1977\" src=\"http:\/\/www.maxdupuy.fr\/wp-content\/uploads\/2017\/06\/presse20-184x300.jpg\" alt=\"1977\" width=\"500\" height=\"816\" srcset=\"https:\/\/www.maxdupuy.fr\/wp-content\/uploads\/2017\/06\/presse20-184x300.jpg 184w, https:\/\/www.maxdupuy.fr\/wp-content\/uploads\/2017\/06\/presse20-768x1254.jpg 768w, https:\/\/www.maxdupuy.fr\/wp-content\/uploads\/2017\/06\/presse20-627x1024.jpg 627w, https:\/\/www.maxdupuy.fr\/wp-content\/uploads\/2017\/06\/presse20.jpg 881w\" sizes=\"(max-width: 500px) 100vw, 500px\" \/><\/p>\n<h1>La D\u00e9p\u00e8che du midi<br \/>\nJuillet 1971<\/h1>\n<div><\/div>\n<p><strong>Jean Duffert<\/strong><\/p>\n<blockquote><p><i>\u00ab\u00a0M\u00e9lange d&rsquo;arrogance et d&rsquo;humilit\u00e9, d&rsquo;affirmation et de questionnement, couleur satur\u00e9e subtilement, entre support et espace, c&rsquo;est un travail d&rsquo;exigence, sans compromission.\u00a0\u00bb<\/i><\/p><\/blockquote>\n","protected":false},"excerpt":{"rendered":"<p>Ao\u00fbt 2025 Lanouvellerepublique.fr Septembre 2017 C&rsquo;est une cinquantaine de toiles grands et moyens formats que Max Dupuy expose au pavillon Charles-X jusqu&rsquo;au 2 octobre. Des peintures qui, abstraites ou figuratives, se caract\u00e9risent par leurs compositions identiques. Elles sont trait\u00e9es en \u00e0-plat, ce qui leur donne un aspect tr\u00e8s lisse, sans perspective et sont construites \u00e0 [&hellip;]<\/p>\n","protected":false},"author":2,"featured_media":0,"parent":0,"menu_order":0,"comment_status":"closed","ping_status":"closed","template":"","meta":{"footnotes":""},"_links":{"self":[{"href":"https:\/\/www.maxdupuy.fr\/index.php\/wp-json\/wp\/v2\/pages\/244"}],"collection":[{"href":"https:\/\/www.maxdupuy.fr\/index.php\/wp-json\/wp\/v2\/pages"}],"about":[{"href":"https:\/\/www.maxdupuy.fr\/index.php\/wp-json\/wp\/v2\/types\/page"}],"author":[{"embeddable":true,"href":"https:\/\/www.maxdupuy.fr\/index.php\/wp-json\/wp\/v2\/users\/2"}],"replies":[{"embeddable":true,"href":"https:\/\/www.maxdupuy.fr\/index.php\/wp-json\/wp\/v2\/comments?post=244"}],"version-history":[{"count":32,"href":"https:\/\/www.maxdupuy.fr\/index.php\/wp-json\/wp\/v2\/pages\/244\/revisions"}],"predecessor-version":[{"id":1785,"href":"https:\/\/www.maxdupuy.fr\/index.php\/wp-json\/wp\/v2\/pages\/244\/revisions\/1785"}],"wp:attachment":[{"href":"https:\/\/www.maxdupuy.fr\/index.php\/wp-json\/wp\/v2\/media?parent=244"}],"curies":[{"name":"wp","href":"https:\/\/api.w.org\/{rel}","templated":true}]}}