{"id":920,"date":"2018-05-23T14:01:26","date_gmt":"2018-05-23T12:01:26","guid":{"rendered":"http:\/\/www.maxdupuy.fr\/?page_id=920"},"modified":"2019-06-09T11:32:45","modified_gmt":"2019-06-09T09:32:45","slug":"construction-deconstruction","status":"publish","type":"page","link":"https:\/\/www.maxdupuy.fr\/index.php\/construction-deconstruction\/","title":{"rendered":"Construction D\u00e9construction"},"content":{"rendered":"<p>Mes derni\u00e8res peintures, et notamment celles de la s\u00e9rie du Bestiaire, ont mis en \u00e9vidence avec clart\u00e9, notamment lors de l\u2019exposition de Saint Cyr sur Loire qu\u2019il n\u2019y a aucune diff\u00e9rence de construction entre peinture figurative et peinture non figurative.<\/p>\n<p>Dans la s\u00e9rie que j\u2019ouvre ici, je souhaite poursuivre dans cette d\u00e9monstration et aller au bout du processus&nbsp;: la construction de la toile, le travail est le m\u00eame pour une &nbsp;abstraction ou pour une peinture figurative sinon bien s\u00fbr dans cette derni\u00e8re hypoth\u00e8se, la volont\u00e9 de repr\u00e9senter quelque chose de connu du spectateur.<\/p>\n<p>Dans cet esprit, et en gardant cet objectif, je me pose les r\u00e8gles suivantes&nbsp;pour cette suite :<\/p>\n<p>Reprendre les carr\u00e9s qui constituent le support de ma r\u00e9flexion. Les r\u00e9aliser avec un dessin unique mais chaque fois diff\u00e9rent et de telle sorte que chaque carr\u00e9 puisse \u00eatre parfaitement autonome ou selon le besoin ou le d\u00e9sir \u00eatre regroup\u00e9 par 4-9-16-25&#8230;<\/p>\n<section id=\"huge_it_portfolio_content_17\"\r\n         class=\"portfolio-gallery-content \"\r\n         data-portfolio-id=\"17\">\r\n\t<div id=\"huge-it-container-loading-overlay_17\"><\/div>\r\n\t\t\t\t\t\t<div id=\"huge_it_portfolio_container_17\"\r\n\t     class=\"huge_it_portfolio_container super-list variable-sizes clearfix view-lightbox-gallery\"\r\n\t     data-show-loading=\"off\"\r\n\t     data-show-center=\"off\" >\r\n\r\n\r\n\t\t\t\t\t<div\r\n\t\t\t\tclass=\"portelement portelement_17 portfolio-lightbox   \" tabindex=\"0\" data-symbol=\"Km.0,  15 avril 2019\" data-category=\"alkaline-earth\">\r\n                <p style=\"display:none;\" class=\"load_date\">2019-05-22 15:17:28<\/p>\r\n                <p style=\"display:none;\" class=\"number\">310<\/p>\r\n\t\t\t\t<p style=\"display: none;\" class=\"id\">310<\/p>\r\n\t\t\t\t<div class=\"image-block_17\">\r\n\t\t\t\t\t\t\t\t\t\t\t\t\t\t\t\t\t\t\t\t\t\t\t<a href=\"http:\/\/www.maxdupuy.fr\/wp-content\/uploads\/2019\/05\/Sans-titre-1.jpg\"\r\n\t\t\t\t\t\t\t\t   class=\" portfolio-lightbox-group17\"\r\n                                   data-description=\" Acrylique et collage sur toile - 100cm X 100 cm. &lt;\/br&gt;\r\n&lt;\/br&gt;\"\r\n\t\t\t\t\t\t\t\t   title=\"Km.0,  15 avril 2019\">\r\n\t\t\t\t\t\t\t\t\t<img decoding=\"async\" alt=\"Km.0,  15 avril 2019\"\r\n\t\t\t\t\t\t\t\t\t     id=\"wd-cl-img0\"\r\n                                         data-title=\" Paris 15 avril 2018\"\r\n\t\t\t\t\t\t\t\t\t     src=\"https:\/\/www.maxdupuy.fr\/wp-content\/uploads\/2019\/05\/Sans-titre-1-1024x1024.jpg\"\/>\r\n\t\t\t\t\t\t\t\t<\/a>\r\n\t\t\t\t\t\t\t\t\t\t\t\t<\/div>\r\n\t\t\t\t\t\t\t\t\t<div class=\"title-block_17\">\r\n                        <h3 class=\"name\" >Km.0,  15 avril 2019<\/h3>\r\n\r\n                        \t\t\t\t\t\t\tKm.0,  15 avril 2019\t\t\t\t\t\t\t\t\t\t\t\t<\/div>\r\n\t\t\t\t\t\t\t<\/div>\r\n\t\t\t\t\t\t<div\r\n\t\t\t\tclass=\"portelement portelement_17 portfolio-lightbox   \" tabindex=\"0\" data-symbol=\"Brisure\" data-category=\"alkaline-earth\">\r\n                <p style=\"display:none;\" class=\"load_date\">2019-03-14 13:54:26<\/p>\r\n                <p style=\"display:none;\" class=\"number\">309<\/p>\r\n\t\t\t\t<p style=\"display: none;\" class=\"id\">309<\/p>\r\n\t\t\t\t<div class=\"image-block_17\">\r\n\t\t\t\t\t\t\t\t\t\t\t\t\t\t\t\t\t\t\t\t\t\t\t<a href=\"http:\/\/www.maxdupuy.fr\/wp-content\/uploads\/2019\/03\/brisure.jpg\"\r\n\t\t\t\t\t\t\t\t   class=\" portfolio-lightbox-group17\"\r\n                                   data-description=\" Acrylique sur toile - 100cm X 100 cm. &lt;\/br&gt;\r\n&lt;\/br&gt;\"\r\n\t\t\t\t\t\t\t\t   title=\"Brisure\">\r\n\t\t\t\t\t\t\t\t\t<img decoding=\"async\" alt=\"Brisure\"\r\n\t\t\t\t\t\t\t\t\t     id=\"wd-cl-img1\"\r\n                                         data-title=\" brisure\"\r\n\t\t\t\t\t\t\t\t\t     src=\"https:\/\/www.maxdupuy.fr\/wp-content\/uploads\/2019\/03\/brisure-1024x1024.jpg\"\/>\r\n\t\t\t\t\t\t\t\t<\/a>\r\n\t\t\t\t\t\t\t\t\t\t\t\t<\/div>\r\n\t\t\t\t\t\t\t\t\t<div class=\"title-block_17\">\r\n                        <h3 class=\"name\" >Brisure<\/h3>\r\n\r\n                        \t\t\t\t\t\t\tBrisure\t\t\t\t\t\t\t\t\t\t\t\t<\/div>\r\n\t\t\t\t\t\t\t<\/div>\r\n\t\t\t\t\t\t<div\r\n\t\t\t\tclass=\"portelement portelement_17 portfolio-lightbox   \" tabindex=\"0\" data-symbol=\"Troupeau de z\u00e8bres\" data-category=\"alkaline-earth\">\r\n                <p style=\"display:none;\" class=\"load_date\">2019-03-05 17:28:10<\/p>\r\n                <p style=\"display:none;\" class=\"number\">308<\/p>\r\n\t\t\t\t<p style=\"display: none;\" class=\"id\">308<\/p>\r\n\t\t\t\t<div class=\"image-block_17\">\r\n\t\t\t\t\t\t\t\t\t\t\t\t\t\t\t\t\t\t\t\t\t\t\t<a href=\"http:\/\/www.maxdupuy.fr\/wp-content\/uploads\/2019\/03\/Troupeau_de_zebres.jpg\"\r\n\t\t\t\t\t\t\t\t   class=\" portfolio-lightbox-group17\"\r\n                                   data-description=\" Acrylique sur toile - 100cm X 100 cm. &lt;\/br&gt;\r\n&lt;\/br&gt;\"\r\n\t\t\t\t\t\t\t\t   title=\"Troupeau de z\u00e8bres\">\r\n\t\t\t\t\t\t\t\t\t<img decoding=\"async\" alt=\"Troupeau de z\u00e8bres\"\r\n\t\t\t\t\t\t\t\t\t     id=\"wd-cl-img2\"\r\n                                         data-title=\" Troupeau_de_zebres\"\r\n\t\t\t\t\t\t\t\t\t     src=\"https:\/\/www.maxdupuy.fr\/wp-content\/uploads\/2019\/03\/Troupeau_de_zebres-1024x1024.jpg\"\/>\r\n\t\t\t\t\t\t\t\t<\/a>\r\n\t\t\t\t\t\t\t\t\t\t\t\t<\/div>\r\n\t\t\t\t\t\t\t\t\t<div class=\"title-block_17\">\r\n                        <h3 class=\"name\" >Troupeau de z\u00e8bres<\/h3>\r\n\r\n                        \t\t\t\t\t\t\tTroupeau de z\u00e8bres\t\t\t\t\t\t\t\t\t\t\t\t<\/div>\r\n\t\t\t\t\t\t\t<\/div>\r\n\t\t\t\t\t\t<div\r\n\t\t\t\tclass=\"portelement portelement_17 portfolio-lightbox   \" tabindex=\"0\" data-symbol=\"Z\u00e9brures Safran\" data-category=\"alkaline-earth\">\r\n                <p style=\"display:none;\" class=\"load_date\">2019-02-17 18:00:10<\/p>\r\n                <p style=\"display:none;\" class=\"number\">307<\/p>\r\n\t\t\t\t<p style=\"display: none;\" class=\"id\">307<\/p>\r\n\t\t\t\t<div class=\"image-block_17\">\r\n\t\t\t\t\t\t\t\t\t\t\t\t\t\t\t\t\t\t\t\t\t\t\t<a href=\"http:\/\/www.maxdupuy.fr\/wp-content\/uploads\/2019\/02\/zebrure_safran.jpg\"\r\n\t\t\t\t\t\t\t\t   class=\" portfolio-lightbox-group17\"\r\n                                   data-description=\" Acrylique et collage sur toile - 100cm X 100 cm. &lt;\/br&gt;\r\n&lt;\/br&gt;\"\r\n\t\t\t\t\t\t\t\t   title=\"Z\u00e9brures Safran\">\r\n\t\t\t\t\t\t\t\t\t<img decoding=\"async\" alt=\"Z\u00e9brures Safran\"\r\n\t\t\t\t\t\t\t\t\t     id=\"wd-cl-img3\"\r\n                                         data-title=\" zebrures_safran\"\r\n\t\t\t\t\t\t\t\t\t     src=\"https:\/\/www.maxdupuy.fr\/wp-content\/uploads\/2019\/02\/zebrure_safran-1024x1024.jpg\"\/>\r\n\t\t\t\t\t\t\t\t<\/a>\r\n\t\t\t\t\t\t\t\t\t\t\t\t<\/div>\r\n\t\t\t\t\t\t\t\t\t<div class=\"title-block_17\">\r\n                        <h3 class=\"name\" >Z\u00e9brures Safran<\/h3>\r\n\r\n                        \t\t\t\t\t\t\tZ\u00e9brures Safran\t\t\t\t\t\t\t\t\t\t\t\t<\/div>\r\n\t\t\t\t\t\t\t<\/div>\r\n\t\t\t\t\t\t<div\r\n\t\t\t\tclass=\"portelement portelement_17 portfolio-lightbox   \" tabindex=\"0\" data-symbol=\"Z\u00e9brures 3\" data-category=\"alkaline-earth\">\r\n                <p style=\"display:none;\" class=\"load_date\">2019-01-28 08:47:26<\/p>\r\n                <p style=\"display:none;\" class=\"number\">306<\/p>\r\n\t\t\t\t<p style=\"display: none;\" class=\"id\">306<\/p>\r\n\t\t\t\t<div class=\"image-block_17\">\r\n\t\t\t\t\t\t\t\t\t\t\t\t\t\t\t\t\t\t\t\t\t\t\t<a href=\"http:\/\/www.maxdupuy.fr\/wp-content\/uploads\/2019\/01\/zebrures3.jpg\"\r\n\t\t\t\t\t\t\t\t   class=\" portfolio-lightbox-group17\"\r\n                                   data-description=\" Acrylique et collage sur toile - 100cm X 100 cm. &lt;\/br&gt;\r\n&lt;\/br&gt;\"\r\n\t\t\t\t\t\t\t\t   title=\"Z\u00e9brures 3\">\r\n\t\t\t\t\t\t\t\t\t<img decoding=\"async\" alt=\"Z\u00e9brures 3\"\r\n\t\t\t\t\t\t\t\t\t     id=\"wd-cl-img4\"\r\n                                         data-title=\" zebrures3\"\r\n\t\t\t\t\t\t\t\t\t     src=\"https:\/\/www.maxdupuy.fr\/wp-content\/uploads\/2019\/01\/zebrures3-1024x1024.jpg\"\/>\r\n\t\t\t\t\t\t\t\t<\/a>\r\n\t\t\t\t\t\t\t\t\t\t\t\t<\/div>\r\n\t\t\t\t\t\t\t\t\t<div class=\"title-block_17\">\r\n                        <h3 class=\"name\" >Z\u00e9brures 3<\/h3>\r\n\r\n                        \t\t\t\t\t\t\tZ\u00e9brures 3\t\t\t\t\t\t\t\t\t\t\t\t<\/div>\r\n\t\t\t\t\t\t\t<\/div>\r\n\t\t\t\t\t\t<div\r\n\t\t\t\tclass=\"portelement portelement_17 portfolio-lightbox   \" tabindex=\"0\" data-symbol=\"Z\u00e9brures 2\" data-category=\"alkaline-earth\">\r\n                <p style=\"display:none;\" class=\"load_date\">2019-01-19 09:06:46<\/p>\r\n                <p style=\"display:none;\" class=\"number\">305<\/p>\r\n\t\t\t\t<p style=\"display: none;\" class=\"id\">305<\/p>\r\n\t\t\t\t<div class=\"image-block_17\">\r\n\t\t\t\t\t\t\t\t\t\t\t\t\t\t\t\t\t\t\t\t\t\t\t<a href=\"http:\/\/www.maxdupuy.fr\/wp-content\/uploads\/2019\/01\/zebrures2-1.jpg\"\r\n\t\t\t\t\t\t\t\t   class=\" portfolio-lightbox-group17\"\r\n                                   data-description=\" Acrylique et collage sur toile - 100cm X 100 cm. &lt;\/br&gt;\r\n&lt;\/br&gt;\"\r\n\t\t\t\t\t\t\t\t   title=\"Z\u00e9brures 2\">\r\n\t\t\t\t\t\t\t\t\t<img decoding=\"async\" alt=\"Z\u00e9brures 2\"\r\n\t\t\t\t\t\t\t\t\t     id=\"wd-cl-img5\"\r\n                                         data-title=\" zebrures2\"\r\n\t\t\t\t\t\t\t\t\t     src=\"https:\/\/www.maxdupuy.fr\/wp-content\/uploads\/2019\/01\/zebrures2-1-1024x1024.jpg\"\/>\r\n\t\t\t\t\t\t\t\t<\/a>\r\n\t\t\t\t\t\t\t\t\t\t\t\t<\/div>\r\n\t\t\t\t\t\t\t\t\t<div class=\"title-block_17\">\r\n                        <h3 class=\"name\" >Z\u00e9brures 2<\/h3>\r\n\r\n                        \t\t\t\t\t\t\tZ\u00e9brures 2\t\t\t\t\t\t\t\t\t\t\t\t<\/div>\r\n\t\t\t\t\t\t\t<\/div>\r\n\t\t\t\t\t\t<div\r\n\t\t\t\tclass=\"portelement portelement_17 portfolio-lightbox   \" tabindex=\"0\" data-symbol=\"Z\u00e9brures 1\" data-category=\"alkaline-earth\">\r\n                <p style=\"display:none;\" class=\"load_date\">2019-01-12 14:00:38<\/p>\r\n                <p style=\"display:none;\" class=\"number\">304<\/p>\r\n\t\t\t\t<p style=\"display: none;\" class=\"id\">304<\/p>\r\n\t\t\t\t<div class=\"image-block_17\">\r\n\t\t\t\t\t\t\t\t\t\t\t\t\t\t\t\t\t\t\t\t\t\t\t<a href=\"http:\/\/www.maxdupuy.fr\/wp-content\/uploads\/2019\/01\/zebrure1-3.jpg\"\r\n\t\t\t\t\t\t\t\t   class=\" portfolio-lightbox-group17\"\r\n                                   data-description=\" Acrylique et collage sur toile - 100cm X 100 cm. &lt;\/br&gt;\r\n&lt;\/br&gt;\"\r\n\t\t\t\t\t\t\t\t   title=\"Z\u00e9brures 1\">\r\n\t\t\t\t\t\t\t\t\t<img decoding=\"async\" alt=\"Z\u00e9brures 1\"\r\n\t\t\t\t\t\t\t\t\t     id=\"wd-cl-img6\"\r\n                                         data-title=\" zebrure1\"\r\n\t\t\t\t\t\t\t\t\t     src=\"https:\/\/www.maxdupuy.fr\/wp-content\/uploads\/2019\/01\/zebrure1-3-1024x1024.jpg\"\/>\r\n\t\t\t\t\t\t\t\t<\/a>\r\n\t\t\t\t\t\t\t\t\t\t\t\t<\/div>\r\n\t\t\t\t\t\t\t\t\t<div class=\"title-block_17\">\r\n                        <h3 class=\"name\" >Z\u00e9brures 1<\/h3>\r\n\r\n                        \t\t\t\t\t\t\tZ\u00e9brures 1\t\t\t\t\t\t\t\t\t\t\t\t<\/div>\r\n\t\t\t\t\t\t\t<\/div>\r\n\t\t\t\t\t\t<div\r\n\t\t\t\tclass=\"portelement portelement_17 portfolio-lightbox   \" tabindex=\"0\" data-symbol=\"Z\u00e9bra\" data-category=\"alkaline-earth\">\r\n                <p style=\"display:none;\" class=\"load_date\">2018-05-23 14:15:05<\/p>\r\n                <p style=\"display:none;\" class=\"number\">295<\/p>\r\n\t\t\t\t<p style=\"display: none;\" class=\"id\">295<\/p>\r\n\t\t\t\t<div class=\"image-block_17\">\r\n\t\t\t\t\t\t\t\t\t\t\t\t\t\t\t\t\t\t\t\t\t\t\t<a href=\"http:\/\/www.maxdupuy.fr\/wp-content\/uploads\/2018\/05\/zebre1.jpg\"\r\n\t\t\t\t\t\t\t\t   class=\" portfolio-lightbox-group17\"\r\n                                   data-description=\" Acrylique sur toile - 100cm X 100 cm. &lt;\/br&gt;\r\n&lt;\/br&gt;\r\nCette toile est \u00e0 la fois figurative et\/ou non figurative. Elle est compos\u00e9e de 100 carr\u00e9s juxtapos\u00e9s et tous diff\u00e9rents.\r\nRegardez-la bien avec attention\u00a0: les t\u00eates de z\u00e8bre apparaitront en seconde lecture.\r\n\r\n\r\nEt pour poursuivre ma r\u00e9flexion, chaque carr\u00e9 peut \u00eatre autonome, ou regroup\u00e9 par 4-9-16-36-49-64-81-100 selon l\u2019espace disponible, constituer une suite in-situ.\"\r\n\t\t\t\t\t\t\t\t   title=\"Z\u00e9bra\">\r\n\t\t\t\t\t\t\t\t\t<img decoding=\"async\" alt=\"Z\u00e9bra\"\r\n\t\t\t\t\t\t\t\t\t     id=\"wd-cl-img7\"\r\n                                         data-title=\" zebre\"\r\n\t\t\t\t\t\t\t\t\t     src=\"https:\/\/www.maxdupuy.fr\/wp-content\/uploads\/2018\/05\/zebre1-1024x1024.jpg\"\/>\r\n\t\t\t\t\t\t\t\t<\/a>\r\n\t\t\t\t\t\t\t\t\t\t\t\t<\/div>\r\n\t\t\t\t\t\t\t\t\t<div class=\"title-block_17\">\r\n                        <h3 class=\"name\" >Z\u00e9bra<\/h3>\r\n\r\n                        \t\t\t\t\t\t\tZ\u00e9bra\t\t\t\t\t\t\t\t\t\t\t\t<\/div>\r\n\t\t\t\t\t\t\t<\/div>\r\n\t\t\t\t\t\t<div\r\n\t\t\t\tclass=\"portelement portelement_17 portfolio-lightbox   \" tabindex=\"0\" data-symbol=\"Fauve bleu\" data-category=\"alkaline-earth\">\r\n                <p style=\"display:none;\" class=\"load_date\">2018-05-23 14:16:37<\/p>\r\n                <p style=\"display:none;\" class=\"number\">296<\/p>\r\n\t\t\t\t<p style=\"display: none;\" class=\"id\">296<\/p>\r\n\t\t\t\t<div class=\"image-block_17\">\r\n\t\t\t\t\t\t\t\t\t\t\t\t\t\t\t\t\t\t\t\t\t\t\t<a href=\"http:\/\/www.maxdupuy.fr\/wp-content\/uploads\/2018\/05\/fauve_bleu.jpg\"\r\n\t\t\t\t\t\t\t\t   class=\" portfolio-lightbox-group17\"\r\n                                   data-description=\" Acrylique sur toile et collage - 100cm X 100 cm.\"\r\n\t\t\t\t\t\t\t\t   title=\"Fauve bleu\">\r\n\t\t\t\t\t\t\t\t\t<img decoding=\"async\" alt=\"Fauve bleu\"\r\n\t\t\t\t\t\t\t\t\t     id=\"wd-cl-img8\"\r\n                                         data-title=\" fauve bleu\"\r\n\t\t\t\t\t\t\t\t\t     src=\"https:\/\/www.maxdupuy.fr\/wp-content\/uploads\/2018\/05\/fauve_bleu-1024x1024.jpg\"\/>\r\n\t\t\t\t\t\t\t\t<\/a>\r\n\t\t\t\t\t\t\t\t\t\t\t\t<\/div>\r\n\t\t\t\t\t\t\t\t\t<div class=\"title-block_17\">\r\n                        <h3 class=\"name\" >Fauve bleu<\/h3>\r\n\r\n                        \t\t\t\t\t\t\tFauve bleu\t\t\t\t\t\t\t\t\t\t\t\t<\/div>\r\n\t\t\t\t\t\t\t<\/div>\r\n\t\t\t\t\t\t<div\r\n\t\t\t\tclass=\"portelement portelement_17 portfolio-lightbox   \" tabindex=\"0\" data-symbol=\"Jungle bleue\" data-category=\"alkaline-earth\">\r\n                <p style=\"display:none;\" class=\"load_date\">2018-05-23 15:26:51<\/p>\r\n                <p style=\"display:none;\" class=\"number\">297<\/p>\r\n\t\t\t\t<p style=\"display: none;\" class=\"id\">297<\/p>\r\n\t\t\t\t<div class=\"image-block_17\">\r\n\t\t\t\t\t\t\t\t\t\t\t\t\t\t\t\t\t\t\t\t\t\t\t<a href=\"http:\/\/www.maxdupuy.fr\/wp-content\/uploads\/2018\/05\/jungle_bleu.jpg\"\r\n\t\t\t\t\t\t\t\t   class=\" portfolio-lightbox-group17\"\r\n                                   data-description=\" Acrylique sur toile et collage - 100cm X 100 cm.\"\r\n\t\t\t\t\t\t\t\t   title=\"Jungle bleue\">\r\n\t\t\t\t\t\t\t\t\t<img decoding=\"async\" alt=\"Jungle bleue\"\r\n\t\t\t\t\t\t\t\t\t     id=\"wd-cl-img9\"\r\n                                         data-title=\" jungle_bleu\"\r\n\t\t\t\t\t\t\t\t\t     src=\"https:\/\/www.maxdupuy.fr\/wp-content\/uploads\/2018\/05\/jungle_bleu-1024x1024.jpg\"\/>\r\n\t\t\t\t\t\t\t\t<\/a>\r\n\t\t\t\t\t\t\t\t\t\t\t\t<\/div>\r\n\t\t\t\t\t\t\t\t\t<div class=\"title-block_17\">\r\n                        <h3 class=\"name\" >Jungle bleue<\/h3>\r\n\r\n                        \t\t\t\t\t\t\tJungle bleue\t\t\t\t\t\t\t\t\t\t\t\t<\/div>\r\n\t\t\t\t\t\t\t<\/div>\r\n\t\t\t\r\n\t\t<div style=\"clear:both;\"><\/div>\r\n\t<\/div>\r\n\r\n\r\n<\/section><style>\r\n\/***For Lifgtbox Gallery view***\/\r\n.play-icon.youtube-icon  {\r\n    background: url(https:\/\/www.maxdupuy.fr\/wp-content\/plugins\/portfolio-gallery\/assets\/images\/admin_images\/play.youtube.png) center center no-repeat;\r\n    background-size: 30% 30%;\r\n}\r\n.play-icon.vimeo-icon  {\r\n    background: url(https:\/\/www.maxdupuy.fr\/wp-content\/plugins\/portfolio-gallery\/assets\/images\/admin_images\/play.vimeo.png) center center no-repeat;\r\n    background-size: 30% 30%;\r\n}\r\n.play-icon {\r\n    position: absolute;\r\n    top: 0;\r\n    left: 0;\r\n    width: 100%;\r\n    height: 100%;\r\n}\r\n\/***<\/add>***\/\r\n.portelement_17 {\r\n    max-width:275px;\r\n    width: 100%;\r\n    margin:0 0 10px 0;\r\n    border:0px solid #eeeeee;\r\n    border-radius:3px;\r\n    outline:none;\r\n    overflow:hidden;\r\n}\r\n\r\n.portelement_17 .image-block_17 {\r\n    position:relative;\r\n    max-width:275px;\r\n    width:100%;\r\n}\r\n.portelement_17 .image-block_17 a {\r\n    border:none;\r\n    display: block;\r\n    cursor: -webkit-zoom-in; cursor: -moz-zoom-in;\r\n}\r\n.portelement_17 .image-block_17 img {\r\n    margin:0 !important;\r\n    padding:0 !important;\r\n    max-width:275px !important;\r\n    width: 100%;\r\n    height:auto;\r\n    display:block;\r\n    border-radius: 0 !important;\r\n    box-shadow: 0 0 0 rgba(0, 0, 0, 0) !important;\r\n}\r\n\r\n.portelement_17 .image-block_17 img:hover {\r\n    cursor: -webkit-zoom-in; cursor: -moz-zoom-in;\r\n}\r\n\r\n.portelement_17 .title-block_17 {\r\n    position:absolute;\r\n    text-overflow: ellipsis;\r\n    overflow: hidden;\r\n    left:0;\r\n    width:100%;\r\n    height: 30px;\r\n    bottom:-31px;\r\n    background: rgba(0,0,0,0.8)  !important;\r\n    -webkit-transition: bottom 0.3s ease-out 0.1s;\r\n    -moz-transition: bottom 0.3s ease-out 0.1s;\r\n    -o-transition: bottom 0.3s ease-out 0.1s;\r\n    transition: bottom 0.3s ease-out 0.1s;\r\n}\r\n\r\n.portelement_17:hover .title-block_17 {bottom:0;}\r\n\r\n.portelement_17 .title-block_17 a, .portelement_17 .title-block_17 a:link, .portelement_17 .title-block_17 a:visited, \r\n.portelement_17 .title-block_17 {\r\n    margin:0;\r\n    padding:0 1% 0 2%;\r\n    text-decoration:none;\r\n    text-overflow: ellipsis;\r\n    overflow: hidden;\r\n    white-space:nowrap;\r\n    z-index:20;\r\n    font-size: 16px;\r\n    color:#0074A2;\r\n    font-weight:normal;\r\n    border: none;\r\n    box-shadow: none;\r\n}\r\n\r\n\r\n\r\n.portelement_17 .title-block_17 a:hover, .portelement_17 .title-block_17 a:focus, .portelement_17 .title-block_17 a:active, \r\n.portelement_17 .title-block_17:hover {\r\n    color:#2EA2CD;\r\n    text-decoration:none;\r\n}\r\n\r\n#huge_it_portfolio_content_17 #huge_it_portfolio_options_17 {\r\n    position: relative;\r\n    overflow: hidden;\r\nfloat:;max-width:180px;width:20%;display:inline-block;margin-left:1%;\r\n    margin-bottom: 10px;\r\n}\r\n\r\n#huge_it_portfolio_content_17 #huge_it_portfolio_options_17 ul {\r\n    margin: 0 !important;\r\n    padding: 0 !important;\r\n    list-style: none;\r\n}\r\n\r\n#huge_it_portfolio_content_17 #huge_it_portfolio_filters_17 ul {\r\n    margin: 0 !important;\r\n    padding: 0 !important;\r\n    overflow: hidden;\r\n    width: 100%;\r\n}\r\n\r\n#huge_it_portfolio_content_17 #huge_it_portfolio_options_17 ul li {\r\n    border-radius: 0px;\r\n    list-style-type: none;\r\n    margin: 0 !important;\r\n    padding: 0;\r\nborder: 1px solid #ccc;}\r\n\r\n#huge_it_portfolio_content_17 #huge_it_portfolio_options_17 ul li a {\r\n    background-color: #F7F7F7 !important;\r\n    font-size:14px !important;\r\n    color:#555555 !important;\r\n    text-decoration: none;\r\n    cursor: pointer;\r\n    margin: 0 !important;\r\n    display: block;\r\n    padding:3px;\r\n    border-radius: 0px;\r\n}\r\n\r\n\r\n#huge_it_portfolio_content_17 #huge_it_portfolio_options_17 ul li a:hover {\r\n    background-color: #FF3845 !important;\r\n    color:#ffffff !important;\r\n    cursor: pointer;\r\n}\r\n\r\n#huge_it_portfolio_content_17 #huge_it_portfolio_filters_17 {\r\n    float: left;\r\n    position: relative;\r\nfloat:;max-width:180px;width:20%;display:inline-block;margin-left:1%;\r\n}\r\n\r\n#huge_it_portfolio_content_17 #huge_it_portfolio_filters_17 ul li {\r\n    list-style-type: none;\r\n    border-radius: 0px;\r\nborder: 1px solid #ccc;}\r\n\r\n#huge_it_portfolio_content_17 #huge_it_portfolio_filters_17 ul li a {\r\n    font-size:14px !important;\r\n    color:#555555 !important;\r\n    background-color: #F7F7F7 !important;\r\n    border-radius: 0px;\r\n    padding:3px;\r\n    display: block;\r\n    text-decoration: none;\r\n}\r\n\r\n#huge_it_portfolio_content_17 #huge_it_portfolio_filters_17  ul li a:hover {\r\n    color:#ffffff !important;\r\n    background-color: #FF3845 !important;\r\n    cursor: pointer\r\n}\r\n#huge_it_portfolio_content_17 #huge_it_portfolio_filters_17 ul li.active a,\r\n#huge_it_portfolio_content_17 #huge_it_portfolio_filters_17 ul li.active a:link,\r\n#huge_it_portfolio_content_17 #huge_it_portfolio_filters_17 ul li.active a:visited,\r\n#huge_it_portfolio_content_17 #huge_it_portfolio_filters_17  ul li.active a:hover,\r\n#huge_it_portfolio_content_17 #huge_it_portfolio_filters_17  ul li.active a:focus,\r\n#huge_it_portfolio_content_17 #huge_it_portfolio_filters_17  ul li.active a:active {\r\n    color:#ffffff !important;\r\n    background-color: #FF3845 !important;\r\n    cursor: pointer;\r\n}\r\n#huge_it_portfolio_content_17 section {\r\n    position:relative;\r\n    display:block;\r\n}\r\n\r\n#huge_it_portfolio_content_17 #huge_it_portfolio_container_17 {\r\n    width: 79%;\r\n    max-width: 100%;\r\nwidth:100%;}\r\n\r\n#port-sort-direction {\r\nfloat: left !important;}\r\n@media screen and (max-width: 768px) {\r\n\r\n    #huge_it_portfolio_content_17 #huge_it_portfolio_filters_17 ul li a,\r\n    #huge_it_portfolio_content_17 #huge_it_portfolio_filters_17 ul li a:link,\r\n    #huge_it_portfolio_content_17 #huge_it_portfolio_filters_17 ul li a:visited {\r\n        font-size: 2vw !important;\r\n    }\r\n    #huge_it_portfolio_content_17 #huge_it_portfolio_options_17 ul li a {\r\n        font-size:2vw !important;\r\n    }\r\n\r\n}\r\n@media screen and (max-width: 480px) {\r\n    #huge_it_portfolio_content_17 #huge_it_portfolio_options_17 {\r\n        float: left;\r\n    }\r\n    #huge_it_portfolio_content_17 #huge_it_portfolio_options_17 #sort-by{\r\n        float: left;\r\n        width: 100% !important;\r\n    }\r\n    #huge_it_portfolio_content_17 #huge_it_portfolio_options_17 #port-sort-direction{\r\n        float: left;\r\n        width: 100% !important;\r\n        position: relative;\r\n        padding-left: 31% !important;\r\n        right: 31%;\r\n    }\r\n    #huge_it_portfolio_content_17 #huge_it_portfolio_filters_17 ul li a,\r\n    #huge_it_portfolio_content_17 #huge_it_portfolio_filters_17 ul li a:link,\r\n    #huge_it_portfolio_content_17 #huge_it_portfolio_filters_17 ul li a:visited {\r\n        font-size: 3vw !important;\r\n    }\r\n    #huge_it_portfolio_content_17 #huge_it_portfolio_options_17 ul li a {\r\n        line-height: 3vw;\r\n        font-size:3vw !important;\r\n    }\r\n}\r\n@media screen and (max-width: 420px) {\r\n\r\n    #huge_it_portfolio_content_17 #huge_it_portfolio_filters_17 ul li a,\r\n    #huge_it_portfolio_content_17 #huge_it_portfolio_filters_17 ul li a:link,\r\n    #huge_it_portfolio_content_17 #huge_it_portfolio_filters_17 ul li a:visited {\r\n        font-size: 4vw !important;\r\n    }\r\n    #huge_it_portfolio_content_17 #huge_it_portfolio_options_17 ul li a {\r\n        font-size:4vw !important;\r\n    }\r\n}\r\n@media screen and (max-width: 315px) {\r\n    .portelement_17  {\r\n        width:98%;\r\n        margin: 1% !important;\r\n        float: left;\r\n        overflow: hidden;\r\n        outline:none;\r\n        border:eeeeeepx solid #D0D0D0;\r\n    }\r\n    .wd-portfolio-panel_17 {\r\n        width: 100% !important;\r\n    }\r\n}\r\n#huge-it-container-loading-overlay_17 {\r\n    width: 100%;\r\n    height: 100%;\r\n    position: absolute;\r\n    z-index: 1;\r\n    background:  url(https:\/\/www.maxdupuy.fr\/wp-content\/plugins\/portfolio-gallery\/assets\/images\/loading\/loading-3.svg) center top ;\r\n    background-repeat: no-repeat;\r\n    background-size: 60px auto;\r\ndisplay:none}\r\n#huge_it_portfolio_options_and_filters_17 {\r\n    position: relative;\r\n    float: left;\r\n    width: 20%;\r\n    max-width: 180px;\r\n    float:;\r\nmargin-left:1%;}\r\n<\/style>\n","protected":false},"excerpt":{"rendered":"<p>Mes derni\u00e8res peintures, et notamment celles de la s\u00e9rie du Bestiaire, ont mis en \u00e9vidence avec clart\u00e9, notamment lors de l\u2019exposition de Saint Cyr sur Loire qu\u2019il n\u2019y a aucune diff\u00e9rence de construction entre peinture figurative et peinture non figurative. Dans la s\u00e9rie que j\u2019ouvre ici, je souhaite poursuivre dans cette d\u00e9monstration et aller au [&hellip;]<\/p>\n","protected":false},"author":2,"featured_media":0,"parent":0,"menu_order":0,"comment_status":"closed","ping_status":"closed","template":"","meta":{"footnotes":""},"_links":{"self":[{"href":"https:\/\/www.maxdupuy.fr\/index.php\/wp-json\/wp\/v2\/pages\/920"}],"collection":[{"href":"https:\/\/www.maxdupuy.fr\/index.php\/wp-json\/wp\/v2\/pages"}],"about":[{"href":"https:\/\/www.maxdupuy.fr\/index.php\/wp-json\/wp\/v2\/types\/page"}],"author":[{"embeddable":true,"href":"https:\/\/www.maxdupuy.fr\/index.php\/wp-json\/wp\/v2\/users\/2"}],"replies":[{"embeddable":true,"href":"https:\/\/www.maxdupuy.fr\/index.php\/wp-json\/wp\/v2\/comments?post=920"}],"version-history":[{"count":13,"href":"https:\/\/www.maxdupuy.fr\/index.php\/wp-json\/wp\/v2\/pages\/920\/revisions"}],"predecessor-version":[{"id":1025,"href":"https:\/\/www.maxdupuy.fr\/index.php\/wp-json\/wp\/v2\/pages\/920\/revisions\/1025"}],"wp:attachment":[{"href":"https:\/\/www.maxdupuy.fr\/index.php\/wp-json\/wp\/v2\/media?parent=920"}],"curies":[{"name":"wp","href":"https:\/\/api.w.org\/{rel}","templated":true}]}}